{"id":305,"date":"2024-12-10T11:20:41","date_gmt":"2024-12-10T11:20:41","guid":{"rendered":"https:\/\/dolcevitacamping.com\/?page_id=305"},"modified":"2025-12-16T15:58:23","modified_gmt":"2025-12-16T15:58:23","slug":"familytime","status":"publish","type":"page","link":"https:\/\/campingadler.com\/en\/familiytime\/","title":{"rendered":"Familytime"},"content":{"rendered":"<p>[et_pb_section fb_built=&#8220;1&#8243; disabled_on=&#8220;on|on|off&#8220; module_class=&#8220;tl_modern_hero39&#8243; _builder_version=&#8220;4.27.4&#8243; _module_preset=&#8220;default&#8220; background_color=&#8220;rgba(252,190,4,0.65)&#8220; custom_padding=&#8220;0px||0px||true|false&#8220; locked=&#8220;off&#8220; global_colors_info=&#8220;{}&#8220;][et_pb_row column_structure=&#8220;1_2,1_2&#8243; use_custom_gutter=&#8220;on&#8220; gutter_width=&#8220;1&#8243; _builder_version=&#8220;4.27.4&#8243; _module_preset=&#8220;default&#8220; width=&#8220;100%&#8220; max_width=&#8220;100%&#8220; custom_padding=&#8220;0px||0px||true|false&#8220; custom_css_main_element=&#8220;-webkit-box-align: center !important;||-webkit-align-items: center !important;||-ms-flex-align: center !important;||align-items: center !important;&#8220; global_colors_info=&#8220;{}&#8220;][et_pb_column type=&#8220;1_2&#8243; _builder_version=&#8220;4.27.4&#8243; _module_preset=&#8220;default&#8220; custom_padding=&#8220;100px|100px|100px|100px|true|true&#8220; custom_padding_tablet=&#8220;|30px||30px|true|true&#8220; custom_padding_phone=&#8220;|30px||30px|true|true&#8220; custom_padding_last_edited=&#8220;on|desktop&#8220; global_colors_info=&#8220;{}&#8220;][et_pb_text module_class=&#8220;title-with-underline&#8220; _builder_version=&#8220;4.27.4&#8243; _module_preset=&#8220;default&#8220; global_colors_info=&#8220;{}&#8220;]<\/p>\n<h1><strong>Kids Playground \u2013 Action f\u00fcr die Kleinen<\/strong><\/h1>\n<p>[\/et_pb_text][et_pb_text _builder_version=&#8220;4.27.4&#8243; _module_preset=&#8220;default&#8220; custom_margin=&#8220;50px||||false|false&#8220; global_colors_info=&#8220;{}&#8220;]<\/p>\n<p>Auf unserem Campingplatz gibt es einen eigenen Spielplatz, der speziell f\u00fcr unsere kleinen G\u00e4ste gestaltet wurde. Hier k\u00f6nnen Kinder schaukeln, auf dem Spielturm klettern und rutschen oder den Wipp-Hahn ausprobieren \u2013 jede Menge Spa\u00df garantiert!<\/p>\n<p>W\u00e4hrenddessen k\u00f6nnen die Eltern auf den gem\u00fctlichen Picknickb\u00e4nken in Sichtweite entspannen und den Kindern beim Spielen zusehen.<\/p>\n<p>[\/et_pb_text][\/et_pb_column][et_pb_column type=&#8220;1_2&#8243; _builder_version=&#8220;4.27.4&#8243; _module_preset=&#8220;default&#8220; background_image=&#8220;https:\/\/campingadler.com\/wp-content\/uploads\/2025\/07\/spielplatz.jpg&#8220; global_colors_info=&#8220;{}&#8220;][et_pb_divider show_divider=&#8220;off&#8220; _builder_version=&#8220;4.27.4&#8243; _module_preset=&#8220;default&#8220; background_enable_image=&#8220;off&#8220; background_position=&#8220;bottom_right&#8220; min_height=&#8220;750px&#8220; min_height_tablet=&#8220;350px&#8220; min_height_phone=&#8220;300px&#8220; min_height_last_edited=&#8220;on|desktop&#8220; global_colors_info=&#8220;{}&#8220;][\/et_pb_divider][\/et_pb_column][\/et_pb_row][\/et_pb_section][et_pb_section fb_built=&#8220;1&#8243; disabled_on=&#8220;off|off|on&#8220; module_class=&#8220;tl_modern_hero39&#8243; _builder_version=&#8220;4.27.4&#8243; _module_preset=&#8220;default&#8220; background_color=&#8220;rgba(252,190,4,0.65)&#8220; custom_padding=&#8220;0px||0px||true|false&#8220; locked=&#8220;off&#8220; global_colors_info=&#8220;{}&#8220;][et_pb_row column_structure=&#8220;1_2,1_2&#8243; use_custom_gutter=&#8220;on&#8220; gutter_width=&#8220;1&#8243; _builder_version=&#8220;4.27.4&#8243; _module_preset=&#8220;default&#8220; width=&#8220;100%&#8220; max_width=&#8220;100%&#8220; custom_padding=&#8220;0px||0px||true|false&#8220; custom_css_main_element=&#8220;-webkit-box-align: center !important;||-webkit-align-items: center !important;||-ms-flex-align: center !important;||align-items: center !important;&#8220; global_colors_info=&#8220;{}&#8220;][et_pb_column type=&#8220;1_2&#8243; _builder_version=&#8220;4.27.4&#8243; _module_preset=&#8220;default&#8220; background_image=&#8220;https:\/\/campingadler.com\/wp-content\/uploads\/2025\/07\/spielplatz.jpg&#8220; background_position=&#8220;top_center&#8220; global_colors_info=&#8220;{}&#8220;][et_pb_divider show_divider=&#8220;off&#8220; _builder_version=&#8220;4.27.4&#8243; _module_preset=&#8220;default&#8220; background_enable_image=&#8220;off&#8220; background_position=&#8220;bottom_right&#8220; min_height=&#8220;750px&#8220; min_height_tablet=&#8220;350px&#8220; min_height_phone=&#8220;300px&#8220; min_height_last_edited=&#8220;on|desktop&#8220; global_colors_info=&#8220;{}&#8220;][\/et_pb_divider][\/et_pb_column][et_pb_column type=&#8220;1_2&#8243; _builder_version=&#8220;4.27.4&#8243; _module_preset=&#8220;default&#8220; custom_padding=&#8220;100px|100px|100px|100px|true|true&#8220; custom_padding_tablet=&#8220;|30px||30px|true|true&#8220; custom_padding_phone=&#8220;|30px||30px|true|true&#8220; custom_padding_last_edited=&#8220;on|desktop&#8220; global_colors_info=&#8220;{}&#8220;][et_pb_text module_class=&#8220;title-with-underline&#8220; _builder_version=&#8220;4.27.4&#8243; _module_preset=&#8220;default&#8220; global_colors_info=&#8220;{}&#8220;]<\/p>\n<h1><strong>Kids Playground \u2013 Action f\u00fcr die Kleinen<\/strong><\/h1>\n<p>[\/et_pb_text][et_pb_text _builder_version=&#8220;4.27.4&#8243; _module_preset=&#8220;default&#8220; custom_margin=&#8220;50px||||false|false&#8220; global_colors_info=&#8220;{}&#8220;]<\/p>\n<p>Auf unserem Campingplatz gibt es einen eigenen Spielplatz, der speziell f\u00fcr unsere kleinen G\u00e4ste gestaltet wurde. Hier k\u00f6nnen Kinder schaukeln, auf dem Spielturm klettern und rutschen oder den Wipp-Hahn ausprobieren \u2013 jede Menge Spa\u00df garantiert!<\/p>\n<p>W\u00e4hrenddessen k\u00f6nnen die Eltern auf den gem\u00fctlichen Picknickb\u00e4nken in Sichtweite entspannen und den Kindern beim Spielen zusehen.<\/p>\n<p>[\/et_pb_text][\/et_pb_column][\/et_pb_row][\/et_pb_section][et_pb_section fb_built=&#8220;1&#8243; fullwidth=&#8220;on&#8220; _builder_version=&#8220;4.27.2&#8243; _module_preset=&#8220;default&#8220; background_color=&#8220;#f3f3f1&#8243; min_height=&#8220;50px&#8220; global_colors_info=&#8220;{}&#8220;][\/et_pb_section][et_pb_section fb_built=&#8220;1&#8243; disabled_on=&#8220;on|on|off&#8220; _builder_version=&#8220;4.27.4&#8243; _module_preset=&#8220;default&#8220; locked=&#8220;off&#8220; global_colors_info=&#8220;{}&#8220;][et_pb_row column_structure=&#8220;2_5,3_5&#8243; _builder_version=&#8220;4.27.4&#8243; _module_preset=&#8220;default&#8220; global_colors_info=&#8220;{}&#8220;][et_pb_column type=&#8220;2_5&#8243; _builder_version=&#8220;4.27.4&#8243; _module_preset=&#8220;default&#8220; global_colors_info=&#8220;{}&#8220;][dnxte_coverflowslider_parent dnxte_coverflow_autoplay_show_hide=&#8220;off&#8220; dnxte_coverflow_loop=&#8220;on&#8220; dnxte_coverflow_centered_slides=&#8220;on&#8220; dnxte_coverflow_mousewheel_enable=&#8220;off&#8220; dnxte_coverflow_speed=&#8220;1000&#8243; dnxte_coverflow_spacebetween=&#8220;0&#8243; dnxte_coverflow_arrows=&#8220;on&#8220; dnxte_coverflow_pagination_type=&#8220;none&#8220; dnxte_coverflow_breakpoint_desktop=&#8220;1&#8243; dnxte_coverflow_arrow_color=&#8220;#3C472F&#8220; dnxte_coverflow_arrow_background_color=&#8220;RGBA(255,255,255,0)&#8220; dnxte_coverflow_arrow_size=&#8220;40&#8243; dnxte_coverflow_arrow_position=&#8220;outer&#8220; _builder_version=&#8220;4.27.4&#8243; _module_preset=&#8220;default&#8220; border_color_all_arrow_border=&#8220;#FFFFFF&#8220; border_style_all_arrow_border=&#8220;groove&#8220; locked=&#8220;off&#8220; global_colors_info=&#8220;{}&#8220;][dnxte_coverflowslider_child coverflowslider_image=&#8220;https:\/\/campingadler.com\/wp-content\/uploads\/2025\/05\/spielzimmer_01.jpg&#8220; coverflowslider_alt=&#8220;Camping Adler Naturns Spielzimmer&#8220; _builder_version=&#8220;4.27.4&#8243; _module_preset=&#8220;default&#8220; global_colors_info=&#8220;{}&#8220;][\/dnxte_coverflowslider_child][dnxte_coverflowslider_child coverflowslider_image=&#8220;https:\/\/campingadler.com\/wp-content\/uploads\/2025\/05\/spielzimmer_02.jpg&#8220; coverflowslider_alt=&#8220;Camping Adler Naturns Spielzimmer&#8220; _builder_version=&#8220;4.27.4&#8243; _module_preset=&#8220;default&#8220; global_colors_info=&#8220;{}&#8220;][\/dnxte_coverflowslider_child][dnxte_coverflowslider_child coverflowslider_image=&#8220;https:\/\/campingadler.com\/wp-content\/uploads\/2025\/05\/spielzimmer_03.jpg&#8220; coverflowslider_alt=&#8220;Camping Adler Naturns Spielzimmer&#8220; _builder_version=&#8220;4.27.4&#8243; _module_preset=&#8220;default&#8220; global_colors_info=&#8220;{}&#8220;][\/dnxte_coverflowslider_child][dnxte_coverflowslider_child coverflowslider_image=&#8220;https:\/\/campingadler.com\/wp-content\/uploads\/2025\/05\/spielplatz_01.jpg&#8220; coverflowslider_alt=&#8220;Camping Adler Naturns Spielplatz&#8220; _builder_version=&#8220;4.27.4&#8243; _module_preset=&#8220;default&#8220; global_colors_info=&#8220;{}&#8220;][\/dnxte_coverflowslider_child][dnxte_coverflowslider_child coverflowslider_image=&#8220;https:\/\/campingadler.com\/wp-content\/uploads\/2025\/05\/spielplatz_03.jpg&#8220; coverflowslider_alt=&#8220;Camping Adler Naturns Spielplatz&#8220; _builder_version=&#8220;4.27.4&#8243; _module_preset=&#8220;default&#8220; global_colors_info=&#8220;{}&#8220;][\/dnxte_coverflowslider_child][\/dnxte_coverflowslider_parent][\/et_pb_column][et_pb_column type=&#8220;3_5&#8243; _builder_version=&#8220;4.27.4&#8243; _module_preset=&#8220;default&#8220; global_colors_info=&#8220;{}&#8220;][et_pb_text module_class=&#8220;title-with-underline&#8220; _builder_version=&#8220;4.27.4&#8243; _module_preset=&#8220;default&#8220; locked=&#8220;off&#8220; global_colors_info=&#8220;{}&#8220;]<\/p>\n<h4><strong>Kids Playroom \u2013 Indoorspa\u00df f\u00fcr Gro\u00df und Klein<\/strong><\/h4>\n<p>[\/et_pb_text][et_pb_text _builder_version=&#8220;4.27.4&#8243; _module_preset=&#8220;default&#8220; global_colors_info=&#8220;{}&#8220;]<\/p>\n<p>Im Kinderspielraum geht der Spa\u00df weiter! Tischfu\u00dfball bringt Gro\u00df und Klein zusammen und sorgt f\u00fcr spannende Matches. In der B\u00fccherecke warten Kinder- und Jugendb\u00fccher auf neugierige Entdecker, w\u00e4hrend in der Spielk\u00fcche kleine K\u00f6che kreativ werden.<\/p>\n<p>Direkt vor dem Kinderspielraum l\u00e4dt eine Terrasse mit kleiner Lounge dazu ein, die Sonne zu genie\u00dfen oder gemeinsam Kartenspiele zu spielen.<\/p>\n<p>[\/et_pb_text][\/et_pb_column][\/et_pb_row][et_pb_row column_structure=&#8220;3_5,2_5&#8243; _builder_version=&#8220;4.27.4&#8243; _module_preset=&#8220;default&#8220; global_colors_info=&#8220;{}&#8220;][et_pb_column type=&#8220;3_5&#8243; _builder_version=&#8220;4.27.4&#8243; _module_preset=&#8220;default&#8220; global_colors_info=&#8220;{}&#8220;][et_pb_text module_class=&#8220;title-with-underline&#8220; _builder_version=&#8220;4.27.4&#8243; _module_preset=&#8220;default&#8220; global_colors_info=&#8220;{}&#8220;]<\/p>\n<h4><strong>Vielf\u00e4ltiges Sportangebot gleich nebenan!<\/strong><\/h4>\n<p>[\/et_pb_text][et_pb_text _builder_version=&#8220;4.27.4&#8243; _module_preset=&#8220;default&#8220; global_colors_info=&#8220;{}&#8220;]F\u00fcr Kinder, Teenies und alle Sportbegeisterte gibt es nur einen Schritt vom Campingplatz entfernt ein wahres Sportparadies &#8211; und das Beste: Die meisten Angebote sind kostenlos zug\u00e4nglich!<\/p>\n<ul>\n<li style=\"list-style-type: none;\">\n<ul>\n<li>Fu\u00dfball- und Basketballfeld<\/li>\n<li>Skatepark<\/li>\n<li>Pumptrack, ideal f\u00fcr die kleineren Kinder<\/li>\n<li>Tennisanlage mit vier Au\u00dfenpl\u00e4tzen und einer Tennishalle<\/li>\n<li>Beachvolleyballfeld<\/li>\n<li>Padel-Tennis-Feld<\/li>\n<\/ul>\n<\/li>\n<\/ul>\n<p>Egal ob Action, Spa\u00df oder Training \u2013 hier ist f\u00fcr jeden etwas dabei![\/et_pb_text][\/et_pb_column][et_pb_column type=&#8220;2_5&#8243; _builder_version=&#8220;4.27.4&#8243; _module_preset=&#8220;default&#8220; global_colors_info=&#8220;{}&#8220;][et_pb_image src=&#8220;https:\/\/campingadler.com\/wp-content\/uploads\/2025\/11\/Tennisplatz-Tennis-Freizeit-TG-Naturns-3.jpg&#8220; alt=&#8220;Tennisplatz, Tennis, Freizeit, TG Naturns&#8220; title_text=&#8220;Tennisplatz, Tennis, Freizeit, TG Naturns&#8220; align=&#8220;center&#8220; _builder_version=&#8220;4.27.4&#8243; _module_preset=&#8220;default&#8220; global_colors_info=&#8220;{}&#8220;][\/et_pb_image][et_pb_text _builder_version=&#8220;4.27.4&#8243; _module_preset=&#8220;default&#8220; text_font_size=&#8220;12px&#8220; text_orientation=&#8220;center&#8220; custom_margin=&#8220;-25px||||false|false&#8220; custom_padding=&#8220;||||false|false&#8220; global_colors_info=&#8220;{}&#8220;]<\/p>\n<p>@TG Naturns<\/p>\n<p>[\/et_pb_text][\/et_pb_column][\/et_pb_row][et_pb_row column_structure=&#8220;2_5,3_5&#8243; _builder_version=&#8220;4.27.4&#8243; _module_preset=&#8220;default&#8220; global_colors_info=&#8220;{}&#8220;][et_pb_column type=&#8220;2_5&#8243; _builder_version=&#8220;4.27.4&#8243; _module_preset=&#8220;default&#8220; global_colors_info=&#8220;{}&#8220;][et_pb_image src=&#8220;https:\/\/campingadler.com\/wp-content\/uploads\/2025\/11\/Hunde-erlaubt-1.jpg&#8220; alt=&#8220;Hunde erlaubt&#8220; title_text=&#8220;Hunde erlaubt&#8220; align=&#8220;center&#8220; _builder_version=&#8220;4.27.4&#8243; _module_preset=&#8220;default&#8220; global_colors_info=&#8220;{}&#8220;][\/et_pb_image][\/et_pb_column][et_pb_column type=&#8220;3_5&#8243; _builder_version=&#8220;4.27.4&#8243; _module_preset=&#8220;default&#8220; global_colors_info=&#8220;{}&#8220;][et_pb_text module_class=&#8220;title-with-underline&#8220; _builder_version=&#8220;4.27.4&#8243; _module_preset=&#8220;default&#8220; global_colors_info=&#8220;{}&#8220;]<\/p>\n<h4><strong>Ferienspa\u00df auf vier Pfoten<\/strong><\/h4>\n<p>[\/et_pb_text][et_pb_text _builder_version=&#8220;4.27.4&#8243; _module_preset=&#8220;default&#8220; global_colors_info=&#8220;{}&#8220;]<\/p>\n<p>Auch euer vierbeiniger Freund ist bei uns herzlich willkommen! Nach ausgedehnten Wanderungen k\u00f6nnt ihr ihn an unserer Hundedusche erfrischen. Direkt hinter dem Campingplatz, entlang des idyllischen M\u00fchlbachs, l\u00e4dt eine Spazierpromenade zu einer entspannten Gassirunde ein.<\/p>\n<p>Bitte beachtet, dass auf dem gesamten Campingplatz Leinenpflicht herrscht \u2013 so sorgen wir gemeinsam f\u00fcr ein harmonisches und sicheres Miteinander.<\/p>\n<p>[\/et_pb_text][\/et_pb_column][\/et_pb_row][\/et_pb_section][et_pb_section fb_built=&#8220;1&#8243; disabled_on=&#8220;off|off|on&#8220; _builder_version=&#8220;4.27.4&#8243; _module_preset=&#8220;default&#8220; locked=&#8220;off&#8220; global_colors_info=&#8220;{}&#8220;][et_pb_row column_structure=&#8220;2_5,3_5&#8243; _builder_version=&#8220;4.27.4&#8243; _module_preset=&#8220;default&#8220; global_colors_info=&#8220;{}&#8220;][et_pb_column type=&#8220;2_5&#8243; _builder_version=&#8220;4.27.4&#8243; _module_preset=&#8220;default&#8220; global_colors_info=&#8220;{}&#8220;][dnxte_coverflowslider_parent dnxte_coverflow_autoplay_show_hide=&#8220;off&#8220; dnxte_coverflow_loop=&#8220;on&#8220; dnxte_coverflow_centered_slides=&#8220;on&#8220; dnxte_coverflow_mousewheel_enable=&#8220;off&#8220; dnxte_coverflow_speed=&#8220;1000&#8243; dnxte_coverflow_spacebetween=&#8220;0&#8243; dnxte_coverflow_arrows=&#8220;on&#8220; dnxte_coverflow_pagination_type=&#8220;none&#8220; dnxte_coverflow_breakpoint_desktop=&#8220;1&#8243; dnxte_coverflow_arrow_color=&#8220;#3C472F&#8220; dnxte_coverflow_arrow_background_color=&#8220;RGBA(255,255,255,0)&#8220; dnxte_coverflow_arrow_size=&#8220;40&#8243; dnxte_coverflow_arrow_position=&#8220;outer&#8220; _builder_version=&#8220;4.27.4&#8243; _module_preset=&#8220;default&#8220; border_color_all_arrow_border=&#8220;#FFFFFF&#8220; border_style_all_arrow_border=&#8220;groove&#8220; locked=&#8220;off&#8220; global_colors_info=&#8220;{}&#8220;][dnxte_coverflowslider_child coverflowslider_image=&#8220;https:\/\/campingadler.com\/wp-content\/uploads\/2025\/05\/spielzimmer_01.jpg&#8220; coverflowslider_alt=&#8220;Camping Adler Naturns Spielzimmer&#8220; _builder_version=&#8220;4.27.4&#8243; _module_preset=&#8220;default&#8220; global_colors_info=&#8220;{}&#8220;][\/dnxte_coverflowslider_child][dnxte_coverflowslider_child coverflowslider_image=&#8220;https:\/\/campingadler.com\/wp-content\/uploads\/2025\/05\/spielzimmer_02.jpg&#8220; coverflowslider_alt=&#8220;Camping Adler Naturns Spielzimmer&#8220; _builder_version=&#8220;4.27.4&#8243; _module_preset=&#8220;default&#8220; global_colors_info=&#8220;{}&#8220;][\/dnxte_coverflowslider_child][dnxte_coverflowslider_child coverflowslider_image=&#8220;https:\/\/campingadler.com\/wp-content\/uploads\/2025\/05\/spielzimmer_03.jpg&#8220; coverflowslider_alt=&#8220;Camping Adler Naturns Spielzimmer&#8220; _builder_version=&#8220;4.27.4&#8243; _module_preset=&#8220;default&#8220; global_colors_info=&#8220;{}&#8220;][\/dnxte_coverflowslider_child][dnxte_coverflowslider_child coverflowslider_image=&#8220;https:\/\/campingadler.com\/wp-content\/uploads\/2025\/05\/spielplatz_01.jpg&#8220; coverflowslider_alt=&#8220;Camping Adler Naturns Spielplatz&#8220; _builder_version=&#8220;4.27.4&#8243; _module_preset=&#8220;default&#8220; global_colors_info=&#8220;{}&#8220;][\/dnxte_coverflowslider_child][dnxte_coverflowslider_child coverflowslider_image=&#8220;https:\/\/campingadler.com\/wp-content\/uploads\/2025\/05\/spielplatz_03.jpg&#8220; coverflowslider_alt=&#8220;Camping Adler Naturns Spielplatz&#8220; _builder_version=&#8220;4.27.4&#8243; _module_preset=&#8220;default&#8220; global_colors_info=&#8220;{}&#8220;][\/dnxte_coverflowslider_child][\/dnxte_coverflowslider_parent][\/et_pb_column][et_pb_column type=&#8220;3_5&#8243; _builder_version=&#8220;4.27.4&#8243; _module_preset=&#8220;default&#8220; global_colors_info=&#8220;{}&#8220;][et_pb_text module_class=&#8220;title-with-underline&#8220; _builder_version=&#8220;4.27.4&#8243; _module_preset=&#8220;default&#8220; custom_margin_tablet=&#8220;-60px||||false|false&#8220; custom_margin_phone=&#8220;-60px||||false|false&#8220; custom_margin_last_edited=&#8220;on|phone&#8220; locked=&#8220;off&#8220; global_colors_info=&#8220;{}&#8220;]<\/p>\n<h4><strong>Kids Playroom \u2013 Indoorspa\u00df f\u00fcr Gro\u00df und Klein<\/strong><\/h4>\n<p>[\/et_pb_text][et_pb_text _builder_version=&#8220;4.27.4&#8243; _module_preset=&#8220;default&#8220; global_colors_info=&#8220;{}&#8220;]<\/p>\n<p>Im Kinderspielraum geht der Spa\u00df weiter! Tischfu\u00dfball bringt Gro\u00df und Klein zusammen und sorgt f\u00fcr spannende Matches. In der B\u00fccherecke warten Kinder- und Jugendb\u00fccher auf neugierige Entdecker, w\u00e4hrend in der Spielk\u00fcche kleine K\u00f6che kreativ werden.<\/p>\n<p>Direkt vor dem Kinderspielraum l\u00e4dt eine Terrasse mit kleiner Lounge dazu ein, die Sonne zu genie\u00dfen oder gemeinsam Kartenspiele zu spielen.<\/p>\n<p>[\/et_pb_text][\/et_pb_column][\/et_pb_row][et_pb_row column_structure=&#8220;2_5,3_5&#8243; _builder_version=&#8220;4.27.4&#8243; _module_preset=&#8220;default&#8220; global_colors_info=&#8220;{}&#8220;][et_pb_column type=&#8220;2_5&#8243; _builder_version=&#8220;4.27.4&#8243; _module_preset=&#8220;default&#8220; global_colors_info=&#8220;{}&#8220;][et_pb_image src=&#8220;https:\/\/campingadler.com\/wp-content\/uploads\/2025\/11\/Tennisplatz-Tennis-Freizeit-TG-Naturns-3.jpg&#8220; alt=&#8220;Tennisplatz, Tennis, Freizeit, TG Naturns&#8220; title_text=&#8220;Tennisplatz, Tennis, Freizeit, TG Naturns&#8220; align=&#8220;center&#8220; _builder_version=&#8220;4.27.4&#8243; _module_preset=&#8220;default&#8220; global_colors_info=&#8220;{}&#8220;][\/et_pb_image][et_pb_text _builder_version=&#8220;4.27.4&#8243; _module_preset=&#8220;default&#8220; text_font_size=&#8220;12px&#8220; text_orientation=&#8220;center&#8220; custom_margin=&#8220;-25px||||false|false&#8220; custom_padding=&#8220;||||false|false&#8220; locked=&#8220;off&#8220; global_colors_info=&#8220;{}&#8220;]<\/p>\n<p>@TG Naturns<\/p>\n<p>[\/et_pb_text][\/et_pb_column][et_pb_column type=&#8220;3_5&#8243; _builder_version=&#8220;4.27.4&#8243; _module_preset=&#8220;default&#8220; global_colors_info=&#8220;{}&#8220;][et_pb_text module_class=&#8220;title-with-underline&#8220; _builder_version=&#8220;4.27.4&#8243; _module_preset=&#8220;default&#8220; global_colors_info=&#8220;{}&#8220;]<\/p>\n<h4><strong>Vielf\u00e4ltiges Sportangebot gleich nebenan!<\/strong><\/h4>\n<p>[\/et_pb_text][et_pb_text _builder_version=&#8220;4.27.4&#8243; _module_preset=&#8220;default&#8220; global_colors_info=&#8220;{}&#8220;]<\/p>\n<p>F\u00fcr Kinder, Teenies und alle Sportbegeisterte gibt es nur einen Schritt vom Campingplatz entfernt ein wahres Sportparadies &#8211; und das Beste: Die meisten Angebote sind kostenlos zug\u00e4nglich!<\/p>\n<ul>\n<li style=\"list-style-type: none;\">\n<ul>\n<li>Fu\u00dfball- und Basketballfeld<\/li>\n<li>Skatepark<\/li>\n<li>Pumptrack, ideal f\u00fcr die kleineren Kinder<\/li>\n<li>Tennisanlage mit vier Au\u00dfenpl\u00e4tzen und einer Tennishalle<\/li>\n<li>Beachvolleyballfeld<\/li>\n<li>Padel-Tennis-Feld<\/li>\n<\/ul>\n<\/li>\n<\/ul>\n<p>Egal ob Action, Spa\u00df oder Training \u2013 hier ist f\u00fcr jeden etwas dabei!<\/p>\n<p>[\/et_pb_text][\/et_pb_column][\/et_pb_row][et_pb_row column_structure=&#8220;2_5,3_5&#8243; _builder_version=&#8220;4.27.4&#8243; _module_preset=&#8220;default&#8220; global_colors_info=&#8220;{}&#8220;][et_pb_column type=&#8220;2_5&#8243; _builder_version=&#8220;4.27.4&#8243; _module_preset=&#8220;default&#8220; global_colors_info=&#8220;{}&#8220;][et_pb_image src=&#8220;https:\/\/campingadler.com\/wp-content\/uploads\/2025\/11\/Hunde-erlaubt-1.jpg&#8220; alt=&#8220;Hunde erlaubt&#8220; title_text=&#8220;Hunde erlaubt&#8220; align=&#8220;center&#8220; _builder_version=&#8220;4.27.4&#8243; _module_preset=&#8220;default&#8220; global_colors_info=&#8220;{}&#8220;][\/et_pb_image][\/et_pb_column][et_pb_column type=&#8220;3_5&#8243; _builder_version=&#8220;4.27.4&#8243; _module_preset=&#8220;default&#8220; global_colors_info=&#8220;{}&#8220;][et_pb_text module_class=&#8220;title-with-underline&#8220; _builder_version=&#8220;4.27.4&#8243; _module_preset=&#8220;default&#8220; global_colors_info=&#8220;{}&#8220;]<\/p>\n<h4><strong>Ferienspa\u00df auf vier Pfoten<\/strong><\/h4>\n<p>[\/et_pb_text][et_pb_text _builder_version=&#8220;4.27.4&#8243; _module_preset=&#8220;default&#8220; global_colors_info=&#8220;{}&#8220;]<\/p>\n<p>Auch euer vierbeiniger Freund ist bei uns herzlich willkommen! Nach ausgedehnten Wanderungen k\u00f6nnt ihr ihn an unserer Hundedusche erfrischen. Direkt hinter dem Campingplatz, entlang des idyllischen M\u00fchlbachs, l\u00e4dt eine Spazierpromenade zu einer entspannten Gassirunde ein.<\/p>\n<p>Bitte beachtet, dass auf dem gesamten Campingplatz Leinenpflicht herrscht \u2013 so sorgen wir gemeinsam f\u00fcr ein harmonisches und sicheres Miteinander.<\/p>\n<p>[\/et_pb_text][\/et_pb_column][\/et_pb_row][\/et_pb_section][et_pb_section fb_built=&#8220;1&#8243; fullwidth=&#8220;on&#8220; _builder_version=&#8220;4.27.2&#8243; _module_preset=&#8220;default&#8220; background_color=&#8220;#f3f3f1&#8243; min_height=&#8220;50px&#8220; global_colors_info=&#8220;{}&#8220;][\/et_pb_section]<\/p>\n","protected":false},"excerpt":{"rendered":"<p>Family-friendly campground with playground, games room, sports facilities nearby, and amenities for dogs.<\/p>","protected":false},"author":1,"featured_media":0,"parent":0,"menu_order":6,"comment_status":"closed","ping_status":"closed","template":"","meta":{"_et_pb_use_builder":"on","_et_pb_old_content":"","_et_gb_content_width":"","iawp_total_views":2496,"footnotes":""},"class_list":["post-305","page","type-page","status-publish","hentry"],"_links":{"self":[{"href":"https:\/\/campingadler.com\/en\/wp-json\/wp\/v2\/pages\/305","targetHints":{"allow":["GET"]}}],"collection":[{"href":"https:\/\/campingadler.com\/en\/wp-json\/wp\/v2\/pages"}],"about":[{"href":"https:\/\/campingadler.com\/en\/wp-json\/wp\/v2\/types\/page"}],"author":[{"embeddable":true,"href":"https:\/\/campingadler.com\/en\/wp-json\/wp\/v2\/users\/1"}],"replies":[{"embeddable":true,"href":"https:\/\/campingadler.com\/en\/wp-json\/wp\/v2\/comments?post=305"}],"version-history":[{"count":27,"href":"https:\/\/campingadler.com\/en\/wp-json\/wp\/v2\/pages\/305\/revisions"}],"predecessor-version":[{"id":987510470,"href":"https:\/\/campingadler.com\/en\/wp-json\/wp\/v2\/pages\/305\/revisions\/987510470"}],"wp:attachment":[{"href":"https:\/\/campingadler.com\/en\/wp-json\/wp\/v2\/media?parent=305"}],"curies":[{"name":"wp","href":"https:\/\/api.w.org\/{rel}","templated":true}]}}