{"id":105920,"date":"2024-12-11T11:23:12","date_gmt":"2024-12-11T11:23:12","guid":{"rendered":"https:\/\/dolcevitacamping.com\/?page_id=105920"},"modified":"2026-03-24T16:12:18","modified_gmt":"2026-03-24T16:12:18","slug":"condizioni","status":"publish","type":"page","link":"https:\/\/campingadler.com\/it\/bedingungen\/","title":{"rendered":"Le condizioni"},"content":{"rendered":"<p>[et_pb_section fb_built=&#8220;1&#8243; fullwidth=&#8220;on&#8220; _builder_version=&#8220;4.27.2&#8243; _module_preset=&#8220;default&#8220; background_color=&#8220;#f3f3f1&#8243; min_height=&#8220;50px&#8220; locked=&#8220;off&#8220; global_colors_info=&#8220;{}&#8220;][\/et_pb_section][et_pb_section fb_built=&#8220;1&#8243; _builder_version=&#8220;4.27.4&#8243; _module_preset=&#8220;default&#8220; background_color=&#8220;RGBA(255,255,255,0)&#8220; background_enable_image=&#8220;off&#8220; background_size=&#8220;contain&#8220; background_position=&#8220;center_left&#8220; custom_padding=&#8220;0px||50px||false|false&#8220; locked=&#8220;off&#8220; global_colors_info=&#8220;{}&#8220;][et_pb_row _builder_version=&#8220;4.27.4&#8243; _module_preset=&#8220;default&#8220; custom_margin=&#8220;||||false|false&#8220; custom_padding=&#8220;||0px||false|false&#8220; global_colors_info=&#8220;{}&#8220;][et_pb_column type=&#8220;4_4&#8243; _builder_version=&#8220;4.23.1&#8243; _module_preset=&#8220;default&#8220; global_colors_info=&#8220;{}&#8220;][et_pb_text module_class=&#8220;title-with-underline&#8220; _builder_version=&#8220;4.27.4&#8243; _module_preset=&#8220;default&#8220; header_font=&#8220;|||on|||||&#8220; global_colors_info=&#8220;{}&#8220;]<\/p>\n<h1><strong>Allgemeine Gesch\u00e4ftsbedingungen (AGB)<\/strong><\/h1>\n<p>[\/et_pb_text][\/et_pb_column][\/et_pb_row][\/et_pb_section][et_pb_section fb_built=&#8220;1&#8243; _builder_version=&#8220;4.27.4&#8243; _module_preset=&#8220;default&#8220; background_color=&#8220;RGBA(255,255,255,0)&#8220; background_image=&#8220;https:\/\/campingadler.com\/wp-content\/uploads\/2024\/12\/CA-CampingAdler-A_BG.png&#8220; background_size=&#8220;contain&#8220; background_position=&#8220;center_left&#8220; custom_padding=&#8220;0px||50px||false|false&#8220; locked=&#8220;off&#8220; global_colors_info=&#8220;{}&#8220;][et_pb_row _builder_version=&#8220;4.27.4&#8243; _module_preset=&#8220;default&#8220; custom_margin=&#8220;||||false|false&#8220; custom_padding=&#8220;||0px||false|false&#8220; global_colors_info=&#8220;{}&#8220;][et_pb_column type=&#8220;4_4&#8243; _builder_version=&#8220;4.23.1&#8243; _module_preset=&#8220;default&#8220; global_colors_info=&#8220;{}&#8220;][et_pb_text _builder_version=&#8220;4.27.4&#8243; _module_preset=&#8220;default&#8220; link_text_color=&#8220;#878E77&#8243; global_colors_info=&#8220;{}&#8220;]<\/p>\n<p>1.\u00a0\u00a0\u00a0\u00a0\u00a0\u00a0 <u>Verf\u00fcgbarkeit, Preisberechnung und Buchung<\/u><\/p>\n<p>Auf unserer Buchungsseite erh\u00e4lt man nach Eingabe des gew\u00fcnschten Reisezeitraums eine \u00dcbersicht aller freien Stellpl\u00e4tze mit der jeweiligen Nummer. Nach Auswahl des Stellplatzes, der Anzahl der Personen und mitreisenden Hunde erh\u00e4lt man eine exakte Preis\u00fcbersicht beziehungsweise ein individuelles Angebot. Um den ausgew\u00e4hlten Stellplatz und das Angebot verbindlich zu buchen, m\u00fcssen zuvor die Kontaktdaten eingegeben werden. Nach Pr\u00fcfung der Buchungsdetails in der Gesamt\u00fcbersicht klickt man den Button \u201aJetzt reservieren\u2018 \u2013 damit ist die Buchung verbindlich abgeschlossen.<\/p>\n<p>2.\u00a0\u00a0\u00a0\u00a0\u00a0\u00a0 <u>Verbindlichkeit der Buchung und Geltung der Stornobedingungen<\/u><\/p>\n<p>Sobald der oben beschriebene Buchungsprozess abgeschlossen wurde, hat man das zuvor erstellte Angebot mit der entsprechenden Stellplatzwahl verbindlich gebucht.<\/p>\n<p>F\u00fcr Stornierungen gelten ab diesem Moment folgende Bedingungen:<\/p>\n<ul>\n<li style=\"list-style-type: none;\">\n<ul>\n<li>bis 14 Tage vor Anreise: Keine Stornogeb\u00fchr<\/li>\n<li>13 bis 4 Tage vor Anreise: 70% des Gesamtpreises<\/li>\n<li>ab 4 Tagen vor Anreise: 90% des Gesamtpreises<\/li>\n<li>Bei versp\u00e4teter Anreise, fr\u00fchzeitiger Abreise oder Nichtankunft wird der volle Unterkunftspreis berechnet.<\/li>\n<\/ul>\n<\/li>\n<\/ul>\n<p>3.\u00a0\u00a0\u00a0\u00a0\u00a0\u00a0 <u>Anzahlung und Zahlungsmethoden<\/u><\/p>\n<p>Bei jeder Stellplatzreservierung wird 50% des Aufenthalt-Preises gefordert. Die Ortstaxe und\/oder dazugebuchte Extras &#8211; Private Bathroom, Private Space, Private Spa &#8211; werden am Abreisetag am Automaten in unserer Smart Reception mit Karte oder in bar bezahlt.<\/p>\n<p>Die Anzahlung erfolgt mittels:<\/p>\n<ul>\n<li style=\"list-style-type: none;\">\n<ul>\n<li>\u00dcberweisung auf folgendes Bankkonto:\n<ul>\n<li style=\"list-style-type: circle;\">Zahlungsempf\u00e4nger: CAMPING ADLER DI GAMPER MAXIMILIAN &amp; C. SAS<\/li>\n<li style=\"list-style-type: circle;\">Bankname: Revolut Bank UAB<\/li>\n<li style=\"list-style-type: circle;\">IBAN: LT033250098403499999<\/li>\n<li style=\"list-style-type: circle;\">SWIFT\/BIC Code: REVOLT21<\/li>\n<\/ul>\n<\/li>\n<li><span>Kreditkarte oder Debitkarte \u00fcber unseren Zahlungsdienstleister Stripe (Bei Reservierungen unter 7 Tage vor Ankunft)<\/span><\/li>\n<\/ul>\n<\/li>\n<\/ul>\n<p>4.\u00a0\u00a0\u00a0\u00a0\u00a0\u00a0 <u>Anreise und Abreise<\/u><\/p>\n<p>Der Check-In ist am Anreisetag ab 12:00 Uhr m\u00f6glich. Der Check-Out muss am Abreisetag bis sp\u00e4testens 12:00 Uhr erfolgen. Bei versp\u00e4teter Anreise, fr\u00fchzeitiger Abreise oder Nichtankunft wird der volle Unterkunftspreis berechnet.<\/p>\n<p>&nbsp;<\/p>\n<p>Bei Fragen oder Unklarheiten stehen wir Ihnen gerne zur Verf\u00fcgung: <a href=\"mailto:info@campingadler.com\">info@campingadler.com<\/a> .<\/p>\n<p>[\/et_pb_text][\/et_pb_column][\/et_pb_row][\/et_pb_section][et_pb_section fb_built=&#8220;1&#8243; fullwidth=&#8220;on&#8220; _builder_version=&#8220;4.27.2&#8243; _module_preset=&#8220;default&#8220; background_color=&#8220;#f3f3f1&#8243; min_height=&#8220;64px&#8220; custom_margin=&#8220;-18px|||||&#8220; locked=&#8220;off&#8220; global_colors_info=&#8220;{}&#8220;][\/et_pb_section]<\/p>\n","protected":false},"excerpt":{"rendered":"<p>Allgemeine Gesch\u00e4ftsbedingungen (AGB)1.\u00a0\u00a0\u00a0\u00a0\u00a0\u00a0 Verf\u00fcgbarkeit, Preisberechnung und Buchung Auf unserer Buchungsseite erh\u00e4lt man nach Eingabe des gew\u00fcnschten Reisezeitraums eine \u00dcbersicht aller freien Stellpl\u00e4tze mit der jeweiligen Nummer. Nach Auswahl des Stellplatzes, der Anzahl der Personen und mitreisenden Hunde erh\u00e4lt man eine exakte Preis\u00fcbersicht beziehungsweise ein individuelles Angebot. Um den ausgew\u00e4hlten Stellplatz und das Angebot verbindlich zu [&hellip;]<\/p>\n","protected":false},"author":1,"featured_media":0,"parent":0,"menu_order":12,"comment_status":"closed","ping_status":"closed","template":"","meta":{"_et_pb_use_builder":"on","_et_pb_old_content":"","_et_gb_content_width":"","iawp_total_views":668,"footnotes":""},"class_list":["post-105920","page","type-page","status-publish","hentry"],"_links":{"self":[{"href":"https:\/\/campingadler.com\/it\/wp-json\/wp\/v2\/pages\/105920","targetHints":{"allow":["GET"]}}],"collection":[{"href":"https:\/\/campingadler.com\/it\/wp-json\/wp\/v2\/pages"}],"about":[{"href":"https:\/\/campingadler.com\/it\/wp-json\/wp\/v2\/types\/page"}],"author":[{"embeddable":true,"href":"https:\/\/campingadler.com\/it\/wp-json\/wp\/v2\/users\/1"}],"replies":[{"embeddable":true,"href":"https:\/\/campingadler.com\/it\/wp-json\/wp\/v2\/comments?post=105920"}],"version-history":[{"count":13,"href":"https:\/\/campingadler.com\/it\/wp-json\/wp\/v2\/pages\/105920\/revisions"}],"predecessor-version":[{"id":987510536,"href":"https:\/\/campingadler.com\/it\/wp-json\/wp\/v2\/pages\/105920\/revisions\/987510536"}],"wp:attachment":[{"href":"https:\/\/campingadler.com\/it\/wp-json\/wp\/v2\/media?parent=105920"}],"curies":[{"name":"wp","href":"https:\/\/api.w.org\/{rel}","templated":true}]}}