{"id":105928,"date":"2024-12-11T11:28:23","date_gmt":"2024-12-11T11:28:23","guid":{"rendered":"https:\/\/dolcevitacamping.com\/?page_id=105928"},"modified":"2025-12-16T16:06:35","modified_gmt":"2025-12-16T16:06:35","slug":"annullamento","status":"publish","type":"page","link":"https:\/\/campingadler.com\/it\/storno\/","title":{"rendered":"Annullamento"},"content":{"rendered":"<p>[et_pb_section fb_built=&#8220;1&#8243; fullwidth=&#8220;on&#8220; _builder_version=&#8220;4.27.2&#8243; _module_preset=&#8220;default&#8220; background_color=&#8220;#f3f3f1&#8243; min_height=&#8220;50px&#8220; locked=&#8220;off&#8220; global_colors_info=&#8220;{}&#8220;][\/et_pb_section][et_pb_section fb_built=&#8220;1&#8243; _builder_version=&#8220;4.27.4&#8243; _module_preset=&#8220;default&#8220; background_color=&#8220;RGBA(255,255,255,0)&#8220; background_enable_image=&#8220;off&#8220; background_size=&#8220;contain&#8220; background_position=&#8220;center_left&#8220; custom_padding=&#8220;0px||50px||false|false&#8220; locked=&#8220;off&#8220; global_colors_info=&#8220;{}&#8220;][et_pb_row _builder_version=&#8220;4.27.4&#8243; _module_preset=&#8220;default&#8220; custom_margin=&#8220;||||false|false&#8220; custom_padding=&#8220;||0px||false|false&#8220; global_colors_info=&#8220;{}&#8220;][et_pb_column type=&#8220;4_4&#8243; _builder_version=&#8220;4.23.1&#8243; _module_preset=&#8220;default&#8220; global_colors_info=&#8220;{}&#8220;][et_pb_text module_class=&#8220;title-with-underline&#8220; _builder_version=&#8220;4.27.4&#8243; _module_preset=&#8220;default&#8220; header_font=&#8220;|||on|||||&#8220; global_colors_info=&#8220;{}&#8220;]<\/p>\n<h1><strong>STORNIERUNGS-RICHTLINIEN<\/strong><\/h1>\n<p>[\/et_pb_text][\/et_pb_column][\/et_pb_row][\/et_pb_section][et_pb_section fb_built=&#8220;1&#8243; _builder_version=&#8220;4.27.4&#8243; _module_preset=&#8220;default&#8220; background_color=&#8220;RGBA(255,255,255,0)&#8220; background_image=&#8220;https:\/\/campingadler.com\/wp-content\/uploads\/2024\/12\/CA-CampingAdler-A_BG.png&#8220; background_size=&#8220;contain&#8220; background_position=&#8220;center_left&#8220; custom_padding=&#8220;0px||50px||false|false&#8220; locked=&#8220;off&#8220; global_colors_info=&#8220;{}&#8220;][et_pb_row _builder_version=&#8220;4.27.4&#8243; _module_preset=&#8220;default&#8220; custom_margin=&#8220;||||false|false&#8220; custom_padding=&#8220;||0px||false|false&#8220; global_colors_info=&#8220;{}&#8220;][et_pb_column type=&#8220;4_4&#8243; _builder_version=&#8220;4.23.1&#8243; _module_preset=&#8220;default&#8220; global_colors_info=&#8220;{}&#8220;][et_pb_text _builder_version=&#8220;4.27.4&#8243; _module_preset=&#8220;default&#8220; link_font=&#8220;||||on||||&#8220; custom_margin=&#8220;||||false|false&#8220; global_colors_info=&#8220;{}&#8220;]<\/p>\n<p>Liebe G\u00e4ste, wir verstehen, dass das Leben manchmal unvorhersehbar ist und sich Pl\u00e4ne \u00e4ndern k\u00f6nnen. Aus diesem Grund m\u00f6chten wir Ihnen unsere Stornobedingungen so transparent und fair wie m\u00f6glich gestalten.<\/p>\n<p>&nbsp;<\/p>\n<p><strong>Unsere Stornobedingungen<\/strong><\/p>\n<ul>\n<li>bis 14 Tage vor Anreise: Keine Stornogeb\u00fchr<\/li>\n<li>13 bis 4 Tage vor Anreise: 70% des Gesamtpreises<\/li>\n<li>ab 4 Tagen vor Anreise: 90% des Gesamtpreises<\/li>\n<li>Bei versp\u00e4teter Anreise, fr\u00fchzeitiger Abreise oder Nichtankunft wird der volle Unterkunftspreis berechnet.<\/li>\n<\/ul>\n<p>Wir empfehlen allen unseren G\u00e4sten, eine <a href=\"https:\/\/campingadler.com\/reiseruecktritts-versicherung\/\">Reiser\u00fccktrittsversicherung<strong><\/strong><\/a> in Betracht zu ziehen. Diese kann Ihnen zus\u00e4tzlichen Schutz bieten und die finanziellen Risiken im Falle einer unerwarteten Stornierung mindern.<\/p>\n<p>&nbsp;<\/p>\n<p><strong>Kontaktieren Sie uns<\/strong><\/p>\n<p>Wenn Sie Fragen zu unseren Stornobedingungen haben oder Hilfe ben\u00f6tigen, z\u00f6gern Sie bitte nicht, uns zu kontaktieren.<\/p>\n<p>Wir sind hier, um Ihnen zu helfen und Ihren Aufenthalt so angenehm wie m\u00f6glich zu gestalten.<\/p>\n<p>[\/et_pb_text][\/et_pb_column][\/et_pb_row][\/et_pb_section][et_pb_section fb_built=&#8220;1&#8243; fullwidth=&#8220;on&#8220; _builder_version=&#8220;4.27.2&#8243; _module_preset=&#8220;default&#8220; background_color=&#8220;#f3f3f1&#8243; min_height=&#8220;64px&#8220; custom_margin=&#8220;-18px|||||&#8220; locked=&#8220;off&#8220; global_colors_info=&#8220;{}&#8220;][\/et_pb_section]<\/p>\n","protected":false},"excerpt":{"rendered":"<p>STORNIERUNGS-RICHTLINIENLiebe G\u00e4ste, wir verstehen, dass das Leben manchmal unvorhersehbar ist und sich Pl\u00e4ne \u00e4ndern k\u00f6nnen. Aus diesem Grund m\u00f6chten wir Ihnen unsere Stornobedingungen so transparent und fair wie m\u00f6glich gestalten. &nbsp; Unsere Stornobedingungen bis 14 Tage vor Anreise: Keine Stornogeb\u00fchr 13 bis 4 Tage vor Anreise: 70% des Gesamtpreises ab 4 Tagen vor Anreise: 90% [&hellip;]<\/p>\n","protected":false},"author":1,"featured_media":0,"parent":0,"menu_order":11,"comment_status":"closed","ping_status":"closed","template":"","meta":{"_et_pb_use_builder":"on","_et_pb_old_content":"","_et_gb_content_width":"","iawp_total_views":1297,"footnotes":""},"class_list":["post-105928","page","type-page","status-publish","hentry"],"_links":{"self":[{"href":"https:\/\/campingadler.com\/it\/wp-json\/wp\/v2\/pages\/105928","targetHints":{"allow":["GET"]}}],"collection":[{"href":"https:\/\/campingadler.com\/it\/wp-json\/wp\/v2\/pages"}],"about":[{"href":"https:\/\/campingadler.com\/it\/wp-json\/wp\/v2\/types\/page"}],"author":[{"embeddable":true,"href":"https:\/\/campingadler.com\/it\/wp-json\/wp\/v2\/users\/1"}],"replies":[{"embeddable":true,"href":"https:\/\/campingadler.com\/it\/wp-json\/wp\/v2\/comments?post=105928"}],"version-history":[{"count":5,"href":"https:\/\/campingadler.com\/it\/wp-json\/wp\/v2\/pages\/105928\/revisions"}],"predecessor-version":[{"id":106040,"href":"https:\/\/campingadler.com\/it\/wp-json\/wp\/v2\/pages\/105928\/revisions\/106040"}],"wp:attachment":[{"href":"https:\/\/campingadler.com\/it\/wp-json\/wp\/v2\/media?parent=105928"}],"curies":[{"name":"wp","href":"https:\/\/api.w.org\/{rel}","templated":true}]}}