{"id":105933,"date":"2024-12-11T11:32:09","date_gmt":"2024-12-11T11:32:09","guid":{"rendered":"https:\/\/dolcevitacamping.com\/?page_id=105933"},"modified":"2025-12-16T16:08:23","modified_gmt":"2025-12-16T16:08:23","slug":"assicurazione","status":"publish","type":"page","link":"https:\/\/campingadler.com\/it\/reiseruecktritts-versicherung\/","title":{"rendered":"Assicurazione contro l'annullamento del viaggio"},"content":{"rendered":"<p>[et_pb_section fb_built=&#8220;1&#8243; fullwidth=&#8220;on&#8220; _builder_version=&#8220;4.27.2&#8243; _module_preset=&#8220;default&#8220; background_color=&#8220;#f3f3f1&#8243; min_height=&#8220;50px&#8220; locked=&#8220;off&#8220; global_colors_info=&#8220;{}&#8220;][\/et_pb_section][et_pb_section fb_built=&#8220;1&#8243; _builder_version=&#8220;4.27.4&#8243; _module_preset=&#8220;default&#8220; background_color=&#8220;RGBA(255,255,255,0)&#8220; background_enable_image=&#8220;off&#8220; background_size=&#8220;contain&#8220; background_position=&#8220;center_left&#8220; custom_padding=&#8220;0px||50px||false|false&#8220; locked=&#8220;off&#8220; global_colors_info=&#8220;{}&#8220;][et_pb_row _builder_version=&#8220;4.27.4&#8243; _module_preset=&#8220;default&#8220; custom_margin=&#8220;||||false|false&#8220; custom_padding=&#8220;||0px||false|false&#8220; global_colors_info=&#8220;{}&#8220;][et_pb_column type=&#8220;4_4&#8243; _builder_version=&#8220;4.23.1&#8243; _module_preset=&#8220;default&#8220; global_colors_info=&#8220;{}&#8220;][et_pb_text module_class=&#8220;title-with-underline&#8220; _builder_version=&#8220;4.27.4&#8243; _module_preset=&#8220;default&#8220; header_font=&#8220;|||on|||||&#8220; global_colors_info=&#8220;{}&#8220;]<\/p>\n<h1><strong>REISER\u00dcCKTRITTS-VERSICHERUNG<\/strong><\/h1>\n<p>[\/et_pb_text][\/et_pb_column][\/et_pb_row][\/et_pb_section][et_pb_section fb_built=&#8220;1&#8243; _builder_version=&#8220;4.27.4&#8243; _module_preset=&#8220;default&#8220; background_color=&#8220;RGBA(255,255,255,0)&#8220; background_image=&#8220;https:\/\/campingadler.com\/wp-content\/uploads\/2024\/12\/CA-CampingAdler-A_BG.png&#8220; background_size=&#8220;contain&#8220; background_position=&#8220;center_left&#8220; custom_padding=&#8220;0px||50px||false|false&#8220; locked=&#8220;off&#8220; global_colors_info=&#8220;{}&#8220;][et_pb_row _builder_version=&#8220;4.27.4&#8243; _module_preset=&#8220;default&#8220; custom_margin=&#8220;||||false|false&#8220; custom_padding=&#8220;||0px||false|false&#8220; global_colors_info=&#8220;{}&#8220;][et_pb_column type=&#8220;4_4&#8243; _builder_version=&#8220;4.23.1&#8243; _module_preset=&#8220;default&#8220; global_colors_info=&#8220;{}&#8220;][et_pb_text _builder_version=&#8220;4.27.4&#8243; _module_preset=&#8220;default&#8220; link_font=&#8220;||||on||||&#8220; custom_margin=&#8220;||||false|false&#8220; global_colors_info=&#8220;{}&#8220;]<strong>Absicherung f\u00fcr unerwartete Momente<\/strong><\/p>\n<p>Liebe G\u00e4ste,<br \/>\nwir wissen, dass jeder Reiseplan das Potenzial f\u00fcr Unerwartetes birgt. Deshalb m\u00f6chten wir Ihnen die M\u00f6glichkeit bieten, sich mit einer\u00a0 Reiser\u00fccktrittsversicherung gegen solche Eventualit\u00e4ten abzusichern. Mit diesem Schutz k\u00f6nnen Sie beruhigt Ihre Reise planen, wissend, dass Sie im Falle einer notwendigen Stornierung finanziell abgesichert sind.<\/p>\n<p><strong>Warum eine Reiser\u00fccktrittsversicherung?<\/strong><\/p>\n<p>Eine Reiser\u00fccktrittsversicherung bietet Ihnen Schutz vor Stornierungskosten, sollte etwas Unvorhergesehenes geschehen. Egal ob Krankheit, pers\u00f6nliche Notf\u00e4lle oder andere unerwartete Ereignisse \u2013 eine solche Versicherung hilft Ihnen, die finanziellen Verluste zu minimieren.<\/p>\n<p><strong>Was wird abgedeckt?<\/strong><\/p>\n<p><span style=\"font-size: 16px;\">Die Europ\u00e4ische Reiser\u00fccktrittsversicherung des Hotelliers- und Gastwirteverbands <\/span><span style=\"font-size: 16px;\">S\u00fcdtirol deckt eine Vielzahl von Situationen ab, wie beispielsweise medizinische\u00a0<\/span>Gr\u00fcnde, berufliche\/schulische Gr\u00fcnde oder famili\u00e4re Gr\u00fcnde.<\/p>\n<p><strong>Einfache Pr\u00e4mienberechnung<\/strong><\/p>\n<p>Mit dem Pr\u00e4mienrechner k\u00f6nnen Sie ganz einfach die Kosten Ihrer Reiser\u00fccktrittsversicherung ermitteln. Sie k\u00f6nnen Ihre Versicherung dann direkt<br \/>\nonline abschlie\u00dfen.<\/p>\n<p>F\u00fcr detaillierte Informationen und den Abschluss Ihrer Reiser\u00fccktrittsversicherung klicken Sie bitte <a href=\"https:\/\/www.europaeische.at\/pip\/hgv-2024-it\" target=\"_blank\" rel=\"noopener\">hier<\/a>.<\/p>\n<p>&nbsp;<\/p>\n<\/div>\n<\/div>\n<p>[\/et_pb_text][et_pb_image src=&#8220;https:\/\/campingadler.com\/wp-content\/uploads\/2024\/12\/reiseversicherung_hgv.jpg&#8220; title_text=&#8220;reiseversicherung_hgv&#8220; url=&#8220;https:\/\/secure2.europaeische.at\/contract?languageCode=DE&#038;agencyNumber=10020034&#038;resourceKey=V1001343101&#038;systemChannelCode=SLK&#038;systemEntryPoint=hgv&#038;productCode=IN959&#8243; url_new_window=&#8220;on&#8220; align=&#8220;center&#8220; _builder_version=&#8220;4.27.4&#8243; _module_preset=&#8220;default&#8220; max_width=&#8220;750px&#8220; global_colors_info=&#8220;{}&#8220;][\/et_pb_image][\/et_pb_column][\/et_pb_row][\/et_pb_section][et_pb_section fb_built=&#8220;1&#8243; fullwidth=&#8220;on&#8220; _builder_version=&#8220;4.27.2&#8243; _module_preset=&#8220;default&#8220; background_color=&#8220;#f3f3f1&#8243; min_height=&#8220;64px&#8220; custom_margin=&#8220;-18px|||||&#8220; locked=&#8220;off&#8220; global_colors_info=&#8220;{}&#8220;][\/et_pb_section]<\/p>\n","protected":false},"excerpt":{"rendered":"<p>REISER\u00dcCKTRITTS-VERSICHERUNGAbsicherung f\u00fcr unerwartete Momente Liebe G\u00e4ste, wir wissen, dass jeder Reiseplan das Potenzial f\u00fcr Unerwartetes birgt. Deshalb m\u00f6chten wir Ihnen die M\u00f6glichkeit bieten, sich mit einer\u00a0 Reiser\u00fccktrittsversicherung gegen solche Eventualit\u00e4ten abzusichern. Mit diesem Schutz k\u00f6nnen Sie beruhigt Ihre Reise planen, wissend, dass Sie im Falle einer notwendigen Stornierung finanziell abgesichert sind. Warum eine Reiser\u00fccktrittsversicherung? Eine [&hellip;]<\/p>\n","protected":false},"author":1,"featured_media":0,"parent":0,"menu_order":13,"comment_status":"closed","ping_status":"closed","template":"","meta":{"_et_pb_use_builder":"on","_et_pb_old_content":"","_et_gb_content_width":"","iawp_total_views":575,"footnotes":""},"class_list":["post-105933","page","type-page","status-publish","hentry"],"_links":{"self":[{"href":"https:\/\/campingadler.com\/it\/wp-json\/wp\/v2\/pages\/105933","targetHints":{"allow":["GET"]}}],"collection":[{"href":"https:\/\/campingadler.com\/it\/wp-json\/wp\/v2\/pages"}],"about":[{"href":"https:\/\/campingadler.com\/it\/wp-json\/wp\/v2\/types\/page"}],"author":[{"embeddable":true,"href":"https:\/\/campingadler.com\/it\/wp-json\/wp\/v2\/users\/1"}],"replies":[{"embeddable":true,"href":"https:\/\/campingadler.com\/it\/wp-json\/wp\/v2\/comments?post=105933"}],"version-history":[{"count":10,"href":"https:\/\/campingadler.com\/it\/wp-json\/wp\/v2\/pages\/105933\/revisions"}],"predecessor-version":[{"id":987510476,"href":"https:\/\/campingadler.com\/it\/wp-json\/wp\/v2\/pages\/105933\/revisions\/987510476"}],"wp:attachment":[{"href":"https:\/\/campingadler.com\/it\/wp-json\/wp\/v2\/media?parent=105933"}],"curies":[{"name":"wp","href":"https:\/\/api.w.org\/{rel}","templated":true}]}}