{"id":262,"date":"2024-12-10T10:30:19","date_gmt":"2024-12-10T10:30:19","guid":{"rendered":"https:\/\/dolcevitacamping.com\/?page_id=262"},"modified":"2025-12-16T15:43:38","modified_gmt":"2025-12-16T15:43:38","slug":"smart-shop-chill-lounges","status":"publish","type":"page","link":"https:\/\/campingadler.com\/it\/smart-shop-chill-lounges\/","title":{"rendered":"Smart Shop &amp; Chill Lounges"},"content":{"rendered":"<p>[et_pb_section fb_built=&#8220;1&#8243; disabled_on=&#8220;on|on|off&#8220; module_class=&#8220;tl_modern_hero39&#8243; _builder_version=&#8220;4.27.4&#8243; _module_preset=&#8220;default&#8220; background_color=&#8220;rgba(213,168,150,0.55)&#8220; custom_padding=&#8220;0px||0px||true|false&#8220; locked=&#8220;off&#8220; global_colors_info=&#8220;{}&#8220;][et_pb_row column_structure=&#8220;1_2,1_2&#8243; use_custom_gutter=&#8220;on&#8220; gutter_width=&#8220;1&#8243; _builder_version=&#8220;4.27.4&#8243; _module_preset=&#8220;default&#8220; width=&#8220;100%&#8220; max_width=&#8220;100%&#8220; custom_padding=&#8220;0px||0px||true|false&#8220; custom_css_main_element=&#8220;-webkit-box-align: center !important;||-webkit-align-items: center !important;||-ms-flex-align: center !important;||align-items: center !important;&#8220; global_colors_info=&#8220;{}&#8220;][et_pb_column type=&#8220;1_2&#8243; _builder_version=&#8220;4.27.4&#8243; _module_preset=&#8220;default&#8220; custom_padding=&#8220;100px|100px|100px|100px|true|true&#8220; custom_padding_tablet=&#8220;|30px||30px|true|true&#8220; custom_padding_phone=&#8220;|30px||30px|true|true&#8220; custom_padding_last_edited=&#8220;on|desktop&#8220; global_colors_info=&#8220;{}&#8220;][et_pb_text module_class=&#8220;title-with-underline&#8220; _builder_version=&#8220;4.27.4&#8243; _module_preset=&#8220;default&#8220; global_colors_info=&#8220;{}&#8220;]<\/p>\n<h1><strong>Smart. Lokal. Gesellig.<\/strong><\/h1>\n<p>[\/et_pb_text][et_pb_text _builder_version=&#8220;4.27.4&#8243; _module_preset=&#8220;default&#8220; custom_margin=&#8220;50px||||false|false&#8220; global_colors_info=&#8220;{}&#8220;]<\/p>\n<p>Unser Smart Shop ist rund um die Uhr mit eurer Adler-Karte zug\u00e4nglich und bietet eine vielf\u00e4ltige Auswahl an Produkten, die euren Aufenthalt sowohl kulinarisch als auch praktisch bereichern. An unserer Infotheke findet ihr den Ortsplan von Naturns, Wander- und Radkarten der Umgebung sowie spannende Ausflugstipps.<\/p>\n<p>F\u00fcr den perfekten Start in den Tag k\u00f6nnt ihr euch an unserer selbstbedienbaren Kaffeemaschine einen aromatischen Kaffee der S\u00fcdtiroler R\u00f6sterei Caroma zubereiten. Frisches Brot f\u00fcrs Fr\u00fchst\u00fcck k\u00f6nnt ihr bis 18:00 Uhr vorbestellen.<\/p>\n<p>Alle Eink\u00e4ufe, Vorbestellungen und Konsumationen lassen sich ganz einfach mit eurer Adler-Karte auf euren Stellplatz buchen und werden am Abreisetag am Automaten in unserer Smart Reception bezahlt.<\/p>\n<p>[\/et_pb_text][\/et_pb_column][et_pb_column type=&#8220;1_2&#8243; _builder_version=&#8220;4.27.4&#8243; _module_preset=&#8220;default&#8220; background_image=&#8220;https:\/\/campingadler.com\/wp-content\/uploads\/2025\/11\/Camping-Adler-2025-45.jpg&#8220; global_colors_info=&#8220;{}&#8220;][et_pb_divider show_divider=&#8220;off&#8220; _builder_version=&#8220;4.27.4&#8243; _module_preset=&#8220;default&#8220; background_enable_image=&#8220;off&#8220; background_position=&#8220;bottom_right&#8220; min_height=&#8220;750px&#8220; min_height_tablet=&#8220;350px&#8220; min_height_phone=&#8220;300px&#8220; min_height_last_edited=&#8220;on|desktop&#8220; global_colors_info=&#8220;{}&#8220;][\/et_pb_divider][\/et_pb_column][\/et_pb_row][\/et_pb_section][et_pb_section fb_built=&#8220;1&#8243; disabled_on=&#8220;off|off|on&#8220; module_class=&#8220;tl_modern_hero39&#8243; _builder_version=&#8220;4.27.4&#8243; _module_preset=&#8220;default&#8220; background_color=&#8220;rgba(213,168,150,0.55)&#8220; custom_padding=&#8220;0px||0px||true|false&#8220; locked=&#8220;off&#8220; global_colors_info=&#8220;{}&#8220;][et_pb_row column_structure=&#8220;1_2,1_2&#8243; use_custom_gutter=&#8220;on&#8220; gutter_width=&#8220;1&#8243; _builder_version=&#8220;4.27.4&#8243; _module_preset=&#8220;default&#8220; width=&#8220;100%&#8220; max_width=&#8220;100%&#8220; custom_padding=&#8220;0px||0px||true|false&#8220; custom_css_main_element=&#8220;-webkit-box-align: center !important;||-webkit-align-items: center !important;||-ms-flex-align: center !important;||align-items: center !important;&#8220; global_colors_info=&#8220;{}&#8220;][et_pb_column type=&#8220;1_2&#8243; _builder_version=&#8220;4.27.4&#8243; _module_preset=&#8220;default&#8220; background_image=&#8220;https:\/\/campingadler.com\/wp-content\/uploads\/2025\/11\/Camping-Adler-2025-45.jpg&#8220; global_colors_info=&#8220;{}&#8220;][et_pb_divider show_divider=&#8220;off&#8220; _builder_version=&#8220;4.27.4&#8243; _module_preset=&#8220;default&#8220; background_enable_image=&#8220;off&#8220; background_position=&#8220;bottom_right&#8220; min_height=&#8220;750px&#8220; min_height_tablet=&#8220;350px&#8220; min_height_phone=&#8220;300px&#8220; min_height_last_edited=&#8220;on|desktop&#8220; global_colors_info=&#8220;{}&#8220;][\/et_pb_divider][\/et_pb_column][et_pb_column type=&#8220;1_2&#8243; _builder_version=&#8220;4.27.4&#8243; _module_preset=&#8220;default&#8220; custom_padding=&#8220;100px|100px|100px|100px|true|true&#8220; custom_padding_tablet=&#8220;|30px||30px|true|true&#8220; custom_padding_phone=&#8220;|30px||30px|true|true&#8220; custom_padding_last_edited=&#8220;on|desktop&#8220; global_colors_info=&#8220;{}&#8220;][et_pb_text module_class=&#8220;title-with-underline&#8220; _builder_version=&#8220;4.27.4&#8243; _module_preset=&#8220;default&#8220; global_colors_info=&#8220;{}&#8220;]<\/p>\n<h1><strong>Smart. Lokal. Gesellig.<\/strong><\/h1>\n<p>[\/et_pb_text][et_pb_text _builder_version=&#8220;4.27.4&#8243; _module_preset=&#8220;default&#8220; custom_margin=&#8220;50px||||false|false&#8220; global_colors_info=&#8220;{}&#8220;]<\/p>\n<p>Unser Smart Shop ist rund um die Uhr mit eurer Adler-Karte zug\u00e4nglich und bietet eine vielf\u00e4ltige Auswahl an Produkten, die euren Aufenthalt sowohl kulinarisch als auch praktisch bereichern. An unserer Infotheke findet ihr den Ortsplan von Naturns, Wander- und Radkarten der Umgebung sowie spannende Ausflugstipps.<\/p>\n<p>F\u00fcr den perfekten Start in den Tag k\u00f6nnt ihr euch an unserer selbstbedienbaren Kaffeemaschine einen aromatischen Kaffee der S\u00fcdtiroler R\u00f6sterei Caroma zubereiten. Frisches Brot f\u00fcrs Fr\u00fchst\u00fcck k\u00f6nnt ihr bis 18:00 Uhr vorbestellen.<\/p>\n<p>Alle Eink\u00e4ufe, Vorbestellungen und Konsumationen lassen sich ganz einfach mit eurer Adler-Karte auf euren Stellplatz buchen und werden am Abreisetag am Automaten in unserer Smart Reception bezahlt.<\/p>\n<p>[\/et_pb_text][\/et_pb_column][\/et_pb_row][\/et_pb_section][et_pb_section fb_built=&#8220;1&#8243; fullwidth=&#8220;on&#8220; _builder_version=&#8220;4.27.2&#8243; _module_preset=&#8220;default&#8220; background_color=&#8220;#f3f3f1&#8243; min_height=&#8220;50px&#8220; global_colors_info=&#8220;{}&#8220;][\/et_pb_section][et_pb_section fb_built=&#8220;1&#8243; disabled_on=&#8220;on|on|off&#8220; _builder_version=&#8220;4.27.4&#8243; _module_preset=&#8220;default&#8220; locked=&#8220;off&#8220; global_colors_info=&#8220;{}&#8220;][et_pb_row column_structure=&#8220;2_5,3_5&#8243; _builder_version=&#8220;4.27.4&#8243; _module_preset=&#8220;default&#8220; global_colors_info=&#8220;{}&#8220;][et_pb_column type=&#8220;2_5&#8243; _builder_version=&#8220;4.27.4&#8243; _module_preset=&#8220;default&#8220; global_colors_info=&#8220;{}&#8220;][dnxte_coverflowslider_parent dnxte_coverflow_autoplay_show_hide=&#8220;off&#8220; dnxte_coverflow_loop=&#8220;on&#8220; dnxte_coverflow_centered_slides=&#8220;on&#8220; dnxte_coverflow_mousewheel_enable=&#8220;off&#8220; dnxte_coverflow_speed=&#8220;1000&#8243; dnxte_coverflow_spacebetween=&#8220;0&#8243; dnxte_coverflow_arrows=&#8220;on&#8220; dnxte_coverflow_pagination_type=&#8220;none&#8220; dnxte_coverflow_breakpoint_desktop=&#8220;1&#8243; dnxte_coverflow_arrow_color=&#8220;#3C472F&#8220; dnxte_coverflow_arrow_background_color=&#8220;RGBA(255,255,255,0)&#8220; dnxte_coverflow_arrow_size=&#8220;40&#8243; dnxte_coverflow_arrow_position=&#8220;outer&#8220; _builder_version=&#8220;4.27.4&#8243; _module_preset=&#8220;default&#8220; border_color_all_arrow_border=&#8220;#FFFFFF&#8220; border_style_all_arrow_border=&#8220;groove&#8220; locked=&#8220;off&#8220; global_colors_info=&#8220;{}&#8220;][dnxte_coverflowslider_child coverflowslider_image=&#8220;https:\/\/campingadler.com\/wp-content\/uploads\/2025\/05\/shop_01.jpg&#8220; coverflowslider_alt=&#8220;Camping Adler Naturns Smart Shop&#8220; _builder_version=&#8220;4.27.4&#8243; _module_preset=&#8220;default&#8220; global_colors_info=&#8220;{}&#8220;][\/dnxte_coverflowslider_child][dnxte_coverflowslider_child coverflowslider_image=&#8220;https:\/\/campingadler.com\/wp-content\/uploads\/2025\/11\/Smart-Shop-03-1.jpg&#8220; coverflowslider_alt=&#8220;Camping Adler Naturns Smart Shop&#8220; _builder_version=&#8220;4.27.4&#8243; _module_preset=&#8220;default&#8220; global_colors_info=&#8220;{}&#8220;][\/dnxte_coverflowslider_child][dnxte_coverflowslider_child coverflowslider_image=&#8220;https:\/\/campingadler.com\/wp-content\/uploads\/2025\/12\/3-Camping-Adler-Smart-Shop.jpg&#8220; coverflowslider_alt=&#8220;Camping Adler Naturns Smart Shop&#8220; _builder_version=&#8220;4.27.4&#8243; _module_preset=&#8220;default&#8220; global_colors_info=&#8220;{}&#8220;][\/dnxte_coverflowslider_child][dnxte_coverflowslider_child coverflowslider_image=&#8220;https:\/\/campingadler.com\/wp-content\/uploads\/2025\/12\/4-Camping-Adler-Smart-Shop.jpg&#8220; coverflowslider_alt=&#8220;Camping Adler Naturns Smart Shop&#8220; _builder_version=&#8220;4.27.4&#8243; _module_preset=&#8220;default&#8220; global_colors_info=&#8220;{}&#8220;][\/dnxte_coverflowslider_child][dnxte_coverflowslider_child coverflowslider_image=&#8220;https:\/\/campingadler.com\/wp-content\/uploads\/2025\/12\/5-Camping-Adler-Smart-Shopjpg.jpg&#8220; coverflowslider_alt=&#8220;Camping Adler Naturns Smart Shop&#8220; _builder_version=&#8220;4.27.4&#8243; _module_preset=&#8220;default&#8220; global_colors_info=&#8220;{}&#8220;][\/dnxte_coverflowslider_child][\/dnxte_coverflowslider_parent][\/et_pb_column][et_pb_column type=&#8220;3_5&#8243; _builder_version=&#8220;4.27.4&#8243; _module_preset=&#8220;default&#8220; global_colors_info=&#8220;{}&#8220;][et_pb_text _builder_version=&#8220;4.27.4&#8243; _module_preset=&#8220;default&#8220; custom_margin=&#8220;50px||||false|false&#8220; custom_margin_tablet=&#8220;0px||||false|false&#8220; custom_margin_phone=&#8220;0px||||false|false&#8220; custom_margin_last_edited=&#8220;on|desktop&#8220; global_colors_info=&#8220;{}&#8220;]<\/p>\n<p>&nbsp;<\/p>\n<p>Rund um die Uhr einkaufen, direkt am Campingplatz!<br \/>Entdeckt unseren Smart Shop in der Fotogalerie und seht, was euch jederzeit zur Verf\u00fcgung steht.<\/p>\n<p>[\/et_pb_text][\/et_pb_column][\/et_pb_row][et_pb_row column_structure=&#8220;3_5,2_5&#8243; _builder_version=&#8220;4.27.4&#8243; _module_preset=&#8220;default&#8220; global_colors_info=&#8220;{}&#8220;][et_pb_column type=&#8220;3_5&#8243; _builder_version=&#8220;4.27.4&#8243; _module_preset=&#8220;default&#8220; global_colors_info=&#8220;{}&#8220;][et_pb_text module_class=&#8220;title-with-underline&#8220; _builder_version=&#8220;4.27.4&#8243; _module_preset=&#8220;default&#8220; locked=&#8220;off&#8220; global_colors_info=&#8220;{}&#8220;]<\/p>\n<h3><strong>Adler Lounges \u2013 Genuss trifft Gemeinschaft<\/strong><\/h3>\n<p>[\/et_pb_text][et_pb_text _builder_version=&#8220;4.27.4&#8243; _module_preset=&#8220;default&#8220; global_colors_info=&#8220;{}&#8220;]<\/p>\n<p>Unsere Lounges sind wahre Wohlf\u00fchlorte, an denen ihr gemeinsam genie\u00dfen, entspannen und ins Gespr\u00e4ch kommen k\u00f6nnt.<\/p>\n<p>Die Outdoor Lounge direkt vor dem Shop bietet gem\u00fctliche Sitzpl\u00e4tze, an denen ihr bei einem warmen Kaffee, einem Snack oder einem erfrischenden Getr\u00e4nk die frische Luft, die Sonne und die beeindruckende Bergkulisse genie\u00dfen k\u00f6nnt.<\/p>\n<p>In der Indoor Lounge im Smart Shop findet ihr einen gro\u00dfen Tisch, der zum geselligen Beisammensein einl\u00e4dt, sowie eine bequeme Couch f\u00fcr entspannte Lesestunden. An unserem Booksharing-Regal erwarten euch spannende B\u00fccher und Zeitungen, die ihr kostenlos ausleihen oder tauschen k\u00f6nnt.<\/p>\n<p>F\u00fcr uns bedeutet Camping vor allem gemeinsame Erlebnisse und genussvolle Momente. Wir freuen uns, euch in unserer Lounge begr\u00fc\u00dfen zu d\u00fcrfen!<\/p>\n<p>[\/et_pb_text][\/et_pb_column][et_pb_column type=&#8220;2_5&#8243; _builder_version=&#8220;4.27.4&#8243; _module_preset=&#8220;default&#8220; global_colors_info=&#8220;{}&#8220;][dnxte_coverflowslider_parent dnxte_coverflow_autoplay_show_hide=&#8220;off&#8220; dnxte_coverflow_loop=&#8220;on&#8220; dnxte_coverflow_centered_slides=&#8220;on&#8220; dnxte_coverflow_mousewheel_enable=&#8220;off&#8220; dnxte_coverflow_speed=&#8220;1000&#8243; dnxte_coverflow_spacebetween=&#8220;0&#8243; dnxte_coverflow_arrows=&#8220;on&#8220; dnxte_coverflow_pagination_type=&#8220;none&#8220; dnxte_coverflow_breakpoint_desktop=&#8220;1&#8243; dnxte_coverflow_arrow_color=&#8220;#3C472F&#8220; dnxte_coverflow_arrow_background_color=&#8220;RGBA(255,255,255,0)&#8220; dnxte_coverflow_arrow_size=&#8220;40&#8243; dnxte_coverflow_arrow_position=&#8220;outer&#8220; _builder_version=&#8220;4.27.4&#8243; _module_preset=&#8220;default&#8220; border_color_all_arrow_border=&#8220;#FFFFFF&#8220; border_style_all_arrow_border=&#8220;groove&#8220; locked=&#8220;off&#8220; global_colors_info=&#8220;{}&#8220;][dnxte_coverflowslider_child coverflowslider_image=&#8220;https:\/\/campingadler.com\/wp-content\/uploads\/2025\/12\/1-Camping-Adler-Fokus-Stuehle-und-Shop-Eingang.jpg&#8220; _builder_version=&#8220;4.27.4&#8243; _module_preset=&#8220;default&#8220; global_colors_info=&#8220;{}&#8220;][\/dnxte_coverflowslider_child][dnxte_coverflowslider_child coverflowslider_image=&#8220;https:\/\/campingadler.com\/wp-content\/uploads\/2025\/12\/2-Camping-Adler.jpg&#8220; _builder_version=&#8220;4.27.4&#8243; _module_preset=&#8220;default&#8220; global_colors_info=&#8220;{}&#8220;][\/dnxte_coverflowslider_child][dnxte_coverflowslider_child coverflowslider_image=&#8220;https:\/\/campingadler.com\/wp-content\/uploads\/2025\/12\/3-Camping-Adler-2025-258.jpg&#8220; _builder_version=&#8220;4.27.4&#8243; _module_preset=&#8220;default&#8220; global_colors_info=&#8220;{}&#8220;][\/dnxte_coverflowslider_child][dnxte_coverflowslider_child coverflowslider_image=&#8220;https:\/\/campingadler.com\/wp-content\/uploads\/2025\/11\/6-Camping-Adler-2025-56.jpg&#8220; _builder_version=&#8220;4.27.4&#8243; _module_preset=&#8220;default&#8220; global_colors_info=&#8220;{}&#8220;][\/dnxte_coverflowslider_child][dnxte_coverflowslider_child coverflowslider_image=&#8220;https:\/\/campingadler.com\/wp-content\/uploads\/2025\/12\/5-Camping-Adler-Fokus-auf-Couch_Buecherschrank-.jpg&#8220; _builder_version=&#8220;4.27.4&#8243; _module_preset=&#8220;default&#8220; global_colors_info=&#8220;{}&#8220;][\/dnxte_coverflowslider_child][dnxte_coverflowslider_child coverflowslider_image=&#8220;https:\/\/campingadler.com\/wp-content\/uploads\/2025\/12\/6-Camping-Adler-Fokus-auf-Tisch.jpg&#8220; _builder_version=&#8220;4.27.4&#8243; _module_preset=&#8220;default&#8220; global_colors_info=&#8220;{}&#8220;][\/dnxte_coverflowslider_child][\/dnxte_coverflowslider_parent][\/et_pb_column][\/et_pb_row][\/et_pb_section][et_pb_section fb_built=&#8220;1&#8243; disabled_on=&#8220;off|off|on&#8220; _builder_version=&#8220;4.27.4&#8243; _module_preset=&#8220;default&#8220; custom_margin_tablet=&#8220;0px||||false|false&#8220; custom_margin_phone=&#8220;0px||||false|false&#8220; custom_margin_last_edited=&#8220;on|desktop&#8220; custom_padding=&#8220;0px||||false|false&#8220; locked=&#8220;off&#8220; global_colors_info=&#8220;{}&#8220;][et_pb_row column_structure=&#8220;2_5,3_5&#8243; _builder_version=&#8220;4.27.4&#8243; _module_preset=&#8220;default&#8220; global_colors_info=&#8220;{}&#8220;][et_pb_column type=&#8220;2_5&#8243; _builder_version=&#8220;4.27.4&#8243; _module_preset=&#8220;default&#8220; global_colors_info=&#8220;{}&#8220;][dnxte_coverflowslider_parent dnxte_coverflow_autoplay_show_hide=&#8220;off&#8220; dnxte_coverflow_loop=&#8220;on&#8220; dnxte_coverflow_centered_slides=&#8220;on&#8220; dnxte_coverflow_mousewheel_enable=&#8220;off&#8220; dnxte_coverflow_speed=&#8220;1000&#8243; dnxte_coverflow_spacebetween=&#8220;0&#8243; dnxte_coverflow_arrows=&#8220;on&#8220; dnxte_coverflow_pagination_type=&#8220;none&#8220; dnxte_coverflow_breakpoint_desktop=&#8220;1&#8243; dnxte_coverflow_arrow_color=&#8220;#3C472F&#8220; dnxte_coverflow_arrow_background_color=&#8220;RGBA(255,255,255,0)&#8220; dnxte_coverflow_arrow_size=&#8220;40&#8243; dnxte_coverflow_arrow_position=&#8220;outer&#8220; _builder_version=&#8220;4.27.4&#8243; _module_preset=&#8220;default&#8220; border_color_all_arrow_border=&#8220;#FFFFFF&#8220; border_style_all_arrow_border=&#8220;groove&#8220; locked=&#8220;off&#8220; global_colors_info=&#8220;{}&#8220;][dnxte_coverflowslider_child coverflowslider_image=&#8220;https:\/\/campingadler.com\/wp-content\/uploads\/2025\/05\/shop_01.jpg&#8220; coverflowslider_alt=&#8220;Camping Adler Naturns Smart Shop&#8220; _builder_version=&#8220;4.27.4&#8243; _module_preset=&#8220;default&#8220; global_colors_info=&#8220;{}&#8220;][\/dnxte_coverflowslider_child][dnxte_coverflowslider_child coverflowslider_image=&#8220;https:\/\/campingadler.com\/wp-content\/uploads\/2025\/11\/Smart-Shop-03-1.jpg&#8220; coverflowslider_alt=&#8220;Camping Adler Naturns Smart Shop&#8220; _builder_version=&#8220;4.27.4&#8243; _module_preset=&#8220;default&#8220; global_colors_info=&#8220;{}&#8220;][\/dnxte_coverflowslider_child][dnxte_coverflowslider_child coverflowslider_image=&#8220;https:\/\/campingadler.com\/wp-content\/uploads\/2025\/12\/3-Camping-Adler-Smart-Shop.jpg&#8220; coverflowslider_alt=&#8220;Camping Adler Naturns Smart Shop&#8220; _builder_version=&#8220;4.27.4&#8243; _module_preset=&#8220;default&#8220; global_colors_info=&#8220;{}&#8220;][\/dnxte_coverflowslider_child][dnxte_coverflowslider_child coverflowslider_image=&#8220;https:\/\/campingadler.com\/wp-content\/uploads\/2025\/12\/4-Camping-Adler-Smart-Shop.jpg&#8220; coverflowslider_alt=&#8220;Camping Adler Naturns Smart Shop&#8220; _builder_version=&#8220;4.27.4&#8243; _module_preset=&#8220;default&#8220; global_colors_info=&#8220;{}&#8220;][\/dnxte_coverflowslider_child][dnxte_coverflowslider_child coverflowslider_image=&#8220;https:\/\/campingadler.com\/wp-content\/uploads\/2025\/12\/5-Camping-Adler-Smart-Shopjpg.jpg&#8220; coverflowslider_alt=&#8220;Camping Adler Naturns Smart Shop&#8220; _builder_version=&#8220;4.27.4&#8243; _module_preset=&#8220;default&#8220; global_colors_info=&#8220;{}&#8220;][\/dnxte_coverflowslider_child][\/dnxte_coverflowslider_parent][\/et_pb_column][et_pb_column type=&#8220;3_5&#8243; _builder_version=&#8220;4.27.4&#8243; _module_preset=&#8220;default&#8220; global_colors_info=&#8220;{}&#8220;][et_pb_text _builder_version=&#8220;4.27.4&#8243; _module_preset=&#8220;default&#8220; custom_margin=&#8220;50px||||false|false&#8220; custom_margin_tablet=&#8220;-60px||-10px||false|false&#8220; custom_margin_phone=&#8220;-60px||-10px||false|false&#8220; custom_margin_last_edited=&#8220;on|tablet&#8220; custom_padding=&#8220;0px||||false|false&#8220; global_colors_info=&#8220;{}&#8220;]<\/p>\n<p>Rund um die Uhr einkaufen, direkt am Campingplatz!<br \/>Entdeckt unseren Smart Shop in der Fotogalerie und seht, was euch jederzeit zur Verf\u00fcgung steht.<\/p>\n<p>[\/et_pb_text][\/et_pb_column][\/et_pb_row][et_pb_row column_structure=&#8220;2_5,3_5&#8243; _builder_version=&#8220;4.27.4&#8243; _module_preset=&#8220;default&#8220; global_colors_info=&#8220;{}&#8220;][et_pb_column type=&#8220;2_5&#8243; _builder_version=&#8220;4.27.4&#8243; _module_preset=&#8220;default&#8220; global_colors_info=&#8220;{}&#8220;][dnxte_coverflowslider_parent dnxte_coverflow_autoplay_show_hide=&#8220;off&#8220; dnxte_coverflow_loop=&#8220;on&#8220; dnxte_coverflow_centered_slides=&#8220;on&#8220; dnxte_coverflow_mousewheel_enable=&#8220;off&#8220; dnxte_coverflow_speed=&#8220;1000&#8243; dnxte_coverflow_spacebetween=&#8220;0&#8243; dnxte_coverflow_arrows=&#8220;on&#8220; dnxte_coverflow_pagination_type=&#8220;none&#8220; dnxte_coverflow_breakpoint_desktop=&#8220;1&#8243; dnxte_coverflow_arrow_color=&#8220;#3C472F&#8220; dnxte_coverflow_arrow_background_color=&#8220;RGBA(255,255,255,0)&#8220; dnxte_coverflow_arrow_size=&#8220;40&#8243; dnxte_coverflow_arrow_position=&#8220;outer&#8220; _builder_version=&#8220;4.27.4&#8243; _module_preset=&#8220;default&#8220; border_color_all_arrow_border=&#8220;#FFFFFF&#8220; border_style_all_arrow_border=&#8220;groove&#8220; locked=&#8220;off&#8220; global_colors_info=&#8220;{}&#8220;][dnxte_coverflowslider_child coverflowslider_image=&#8220;https:\/\/campingadler.com\/wp-content\/uploads\/2025\/12\/1-Camping-Adler-Fokus-Stuehle-und-Shop-Eingang.jpg&#8220; _builder_version=&#8220;4.27.4&#8243; _module_preset=&#8220;default&#8220; global_colors_info=&#8220;{}&#8220;][\/dnxte_coverflowslider_child][dnxte_coverflowslider_child coverflowslider_image=&#8220;https:\/\/campingadler.com\/wp-content\/uploads\/2025\/12\/2-Camping-Adler.jpg&#8220; _builder_version=&#8220;4.27.4&#8243; _module_preset=&#8220;default&#8220; global_colors_info=&#8220;{}&#8220;][\/dnxte_coverflowslider_child][dnxte_coverflowslider_child coverflowslider_image=&#8220;https:\/\/campingadler.com\/wp-content\/uploads\/2025\/12\/3-Camping-Adler-2025-258.jpg&#8220; _builder_version=&#8220;4.27.4&#8243; _module_preset=&#8220;default&#8220; global_colors_info=&#8220;{}&#8220;][\/dnxte_coverflowslider_child][dnxte_coverflowslider_child coverflowslider_image=&#8220;https:\/\/campingadler.com\/wp-content\/uploads\/2025\/11\/6-Camping-Adler-2025-56.jpg&#8220; _builder_version=&#8220;4.27.4&#8243; _module_preset=&#8220;default&#8220; global_colors_info=&#8220;{}&#8220;][\/dnxte_coverflowslider_child][dnxte_coverflowslider_child coverflowslider_image=&#8220;https:\/\/campingadler.com\/wp-content\/uploads\/2025\/12\/5-Camping-Adler-Fokus-auf-Couch_Buecherschrank-.jpg&#8220; _builder_version=&#8220;4.27.4&#8243; _module_preset=&#8220;default&#8220; global_colors_info=&#8220;{}&#8220;][\/dnxte_coverflowslider_child][dnxte_coverflowslider_child coverflowslider_image=&#8220;https:\/\/campingadler.com\/wp-content\/uploads\/2025\/12\/6-Camping-Adler-Fokus-auf-Tisch.jpg&#8220; _builder_version=&#8220;4.27.4&#8243; _module_preset=&#8220;default&#8220; global_colors_info=&#8220;{}&#8220;][\/dnxte_coverflowslider_child][\/dnxte_coverflowslider_parent][\/et_pb_column][et_pb_column type=&#8220;3_5&#8243; _builder_version=&#8220;4.27.4&#8243; _module_preset=&#8220;default&#8220; global_colors_info=&#8220;{}&#8220;][et_pb_text module_class=&#8220;title-with-underline&#8220; _builder_version=&#8220;4.27.4&#8243; _module_preset=&#8220;default&#8220; custom_margin=&#8220;||||false|false&#8220; custom_margin_tablet=&#8220;-50px||||false|false&#8220; custom_margin_phone=&#8220;-50px||||false|false&#8220; custom_margin_last_edited=&#8220;on|desktop&#8220; locked=&#8220;off&#8220; global_colors_info=&#8220;{}&#8220;]<\/p>\n<h3><strong>Adler Lounges \u2013 Genuss trifft Gemeinschaft<\/strong><\/h3>\n<p>[\/et_pb_text][et_pb_text _builder_version=&#8220;4.27.4&#8243; _module_preset=&#8220;default&#8220; global_colors_info=&#8220;{}&#8220;]<\/p>\n<p>Unsere Lounges sind wahre Wohlf\u00fchlorte, an denen ihr gemeinsam genie\u00dfen, entspannen und ins Gespr\u00e4ch kommen k\u00f6nnt.<\/p>\n<p>Die Outdoor Lounge direkt vor dem Shop bietet gem\u00fctliche Sitzpl\u00e4tze, an denen ihr bei einem warmen Kaffee, einem Snack oder einem erfrischenden Getr\u00e4nk die frische Luft, die Sonne und die beeindruckende Bergkulisse genie\u00dfen k\u00f6nnt.<\/p>\n<p>In der Indoor Lounge im Smart Shop findet ihr einen gro\u00dfen Tisch, der zum geselligen Beisammensein einl\u00e4dt, sowie eine bequeme Couch f\u00fcr entspannte Lesestunden. An unserem Booksharing-Regal erwarten euch spannende B\u00fccher und Zeitungen, die ihr kostenlos ausleihen oder tauschen k\u00f6nnt.<\/p>\n<p>F\u00fcr uns bedeutet Camping vor allem gemeinsame Erlebnisse und genussvolle Momente. Wir freuen uns, euch in unserer Lounge begr\u00fc\u00dfen zu d\u00fcrfen!<\/p>\n<p>[\/et_pb_text][\/et_pb_column][\/et_pb_row][\/et_pb_section][et_pb_section fb_built=&#8220;1&#8243; fullwidth=&#8220;on&#8220; _builder_version=&#8220;4.27.2&#8243; _module_preset=&#8220;default&#8220; background_color=&#8220;#f3f3f1&#8243; min_height=&#8220;50px&#8220; global_colors_info=&#8220;{}&#8220;][\/et_pb_section]<\/p>\n","protected":false},"excerpt":{"rendered":"<p>Negozio Smart Shop aperto 24 ore su 24 con prodotti regionali, servizio di consegna pane, macchina del caff\u00e8 e lounge interne ed esterne nel campeggio.<\/p>","protected":false},"author":1,"featured_media":0,"parent":0,"menu_order":4,"comment_status":"closed","ping_status":"closed","template":"","meta":{"_et_pb_use_builder":"on","_et_pb_old_content":"","_et_gb_content_width":"","iawp_total_views":2740,"footnotes":""},"class_list":["post-262","page","type-page","status-publish","hentry"],"_links":{"self":[{"href":"https:\/\/campingadler.com\/it\/wp-json\/wp\/v2\/pages\/262","targetHints":{"allow":["GET"]}}],"collection":[{"href":"https:\/\/campingadler.com\/it\/wp-json\/wp\/v2\/pages"}],"about":[{"href":"https:\/\/campingadler.com\/it\/wp-json\/wp\/v2\/types\/page"}],"author":[{"embeddable":true,"href":"https:\/\/campingadler.com\/it\/wp-json\/wp\/v2\/users\/1"}],"replies":[{"embeddable":true,"href":"https:\/\/campingadler.com\/it\/wp-json\/wp\/v2\/comments?post=262"}],"version-history":[{"count":28,"href":"https:\/\/campingadler.com\/it\/wp-json\/wp\/v2\/pages\/262\/revisions"}],"predecessor-version":[{"id":987510464,"href":"https:\/\/campingadler.com\/it\/wp-json\/wp\/v2\/pages\/262\/revisions\/987510464"}],"wp:attachment":[{"href":"https:\/\/campingadler.com\/it\/wp-json\/wp\/v2\/media?parent=262"}],"curies":[{"name":"wp","href":"https:\/\/api.w.org\/{rel}","templated":true}]}}