{"id":282,"date":"2024-12-10T11:01:05","date_gmt":"2024-12-10T11:01:05","guid":{"rendered":"https:\/\/dolcevitacamping.com\/?page_id=282"},"modified":"2025-12-16T15:54:58","modified_gmt":"2025-12-16T15:54:58","slug":"feels-like-home","status":"publish","type":"page","link":"https:\/\/campingadler.com\/it\/feels-like-home\/","title":{"rendered":"Feels Like Home"},"content":{"rendered":"<p>[et_pb_section fb_built=&#8220;1&#8243; disabled_on=&#8220;on|on|off&#8220; module_class=&#8220;tl_modern_hero39&#8243; _builder_version=&#8220;4.27.4&#8243; _module_preset=&#8220;default&#8220; background_color=&#8220;rgba(148,137,63,0.2)&#8220; custom_padding=&#8220;0px||0px||true|false&#8220; locked=&#8220;off&#8220; global_colors_info=&#8220;{}&#8220;][et_pb_row column_structure=&#8220;1_2,1_2&#8243; use_custom_gutter=&#8220;on&#8220; gutter_width=&#8220;1&#8243; _builder_version=&#8220;4.27.4&#8243; _module_preset=&#8220;default&#8220; width=&#8220;100%&#8220; max_width=&#8220;100%&#8220; custom_padding=&#8220;0px||0px||true|false&#8220; custom_css_main_element=&#8220;-webkit-box-align: center !important;||-webkit-align-items: center !important;||-ms-flex-align: center !important;||align-items: center !important;&#8220; global_colors_info=&#8220;{}&#8220;][et_pb_column type=&#8220;1_2&#8243; _builder_version=&#8220;4.27.4&#8243; _module_preset=&#8220;default&#8220; custom_padding=&#8220;100px|100px|100px|100px|true|true&#8220; custom_padding_tablet=&#8220;|30px||30px|true|true&#8220; custom_padding_phone=&#8220;|30px||30px|true|true&#8220; custom_padding_last_edited=&#8220;on|desktop&#8220; global_colors_info=&#8220;{}&#8220;][et_pb_text module_class=&#8220;title-with-underline&#8220; _builder_version=&#8220;4.27.4&#8243; _module_preset=&#8220;default&#8220; global_colors_info=&#8220;{}&#8220;]<\/p>\n<h1><strong>Private Space &#8211; Mehr Platz. Mehr Komfort. Mehr Urlaub!<\/strong><\/h1>\n<p>[\/et_pb_text][et_pb_text _builder_version=&#8220;4.27.4&#8243; _module_preset=&#8220;default&#8220; custom_margin=&#8220;50px||||false|false&#8220; global_colors_info=&#8220;{}&#8220;]<\/p>\n<p>Ihr liebt Camping, wollt aber nicht auf den Komfort von zu Hause verzichten? Dann ist unser Private Space genau das Richtige f\u00fcr euch!<\/p>\n<p>Das Herzst\u00fcck eures Private Space ist die voll ausgestattete K\u00fcche mit gro\u00dfem Esszimmer nebenan \u2013 perfekt, um gemeinsam zu kochen, zu essen und den Tag in entspannter Atmosph\u00e4re ausklingen zu lassen. Ob Fr\u00fchst\u00fcck mit der Familie oder ein gem\u00fctliches Abendessen zu zweit: Hier habt ihr Platz f\u00fcr Genuss und gesellige Stunden.<\/p>\n<p>Dazu erwarten euch ein Badezimmer, ein Wohnzimmer mit Fernseher und bequemer Couch sowie eine sonnige Terrasse.<\/p>\n<p>Wir bieten euch zwei exklusive Private Spaces, die gegen Geb\u00fchr gemietet werden k\u00f6nnen \u2013 perfekt f\u00fcr alle, die im Urlaub Wert auf Privatsph\u00e4re, Komfort und ein wohnliches Ambiente legen.<\/p>\n<p>[\/et_pb_text][\/et_pb_column][et_pb_column type=&#8220;1_2&#8243; _builder_version=&#8220;4.27.4&#8243; _module_preset=&#8220;default&#8220; background_image=&#8220;https:\/\/campingadler.com\/wp-content\/uploads\/2025\/11\/esszimmer_private_space.jpg&#8220; global_colors_info=&#8220;{}&#8220;][et_pb_divider show_divider=&#8220;off&#8220; _builder_version=&#8220;4.27.4&#8243; _module_preset=&#8220;default&#8220; background_enable_image=&#8220;off&#8220; background_position=&#8220;bottom_right&#8220; min_height=&#8220;750px&#8220; min_height_tablet=&#8220;350px&#8220; min_height_phone=&#8220;300px&#8220; min_height_last_edited=&#8220;on|desktop&#8220; global_colors_info=&#8220;{}&#8220;][\/et_pb_divider][\/et_pb_column][\/et_pb_row][\/et_pb_section][et_pb_section fb_built=&#8220;1&#8243; disabled_on=&#8220;off|off|on&#8220; module_class=&#8220;tl_modern_hero39&#8243; _builder_version=&#8220;4.27.4&#8243; _module_preset=&#8220;default&#8220; background_color=&#8220;rgba(148,137,63,0.2)&#8220; custom_padding=&#8220;0px||0px||true|false&#8220; locked=&#8220;off&#8220; global_colors_info=&#8220;{}&#8220;][et_pb_row column_structure=&#8220;1_2,1_2&#8243; use_custom_gutter=&#8220;on&#8220; gutter_width=&#8220;1&#8243; _builder_version=&#8220;4.27.4&#8243; _module_preset=&#8220;default&#8220; width=&#8220;100%&#8220; max_width=&#8220;100%&#8220; custom_padding=&#8220;0px||0px||true|false&#8220; custom_css_main_element=&#8220;-webkit-box-align: center !important;||-webkit-align-items: center !important;||-ms-flex-align: center !important;||align-items: center !important;&#8220; global_colors_info=&#8220;{}&#8220;][et_pb_column type=&#8220;1_2&#8243; _builder_version=&#8220;4.27.4&#8243; _module_preset=&#8220;default&#8220; background_image=&#8220;https:\/\/campingadler.com\/wp-content\/uploads\/2025\/11\/esszimmer_private_space.jpg&#8220; global_colors_info=&#8220;{}&#8220;][et_pb_divider show_divider=&#8220;off&#8220; _builder_version=&#8220;4.27.4&#8243; _module_preset=&#8220;default&#8220; background_enable_image=&#8220;off&#8220; background_position=&#8220;bottom_right&#8220; min_height=&#8220;750px&#8220; min_height_tablet=&#8220;350px&#8220; min_height_phone=&#8220;300px&#8220; min_height_last_edited=&#8220;on|desktop&#8220; global_colors_info=&#8220;{}&#8220;][\/et_pb_divider][\/et_pb_column][et_pb_column type=&#8220;1_2&#8243; _builder_version=&#8220;4.27.4&#8243; _module_preset=&#8220;default&#8220; custom_padding=&#8220;100px|100px|100px|100px|true|true&#8220; custom_padding_tablet=&#8220;|30px||30px|true|true&#8220; custom_padding_phone=&#8220;|30px||30px|true|true&#8220; custom_padding_last_edited=&#8220;on|desktop&#8220; global_colors_info=&#8220;{}&#8220;][et_pb_text module_class=&#8220;title-with-underline&#8220; _builder_version=&#8220;4.27.4&#8243; _module_preset=&#8220;default&#8220; global_colors_info=&#8220;{}&#8220;]<\/p>\n<h1><strong>Private Space &#8211; Mehr Platz. Mehr Komfort. Mehr Urlaub!<\/strong><\/h1>\n<p>[\/et_pb_text][et_pb_text _builder_version=&#8220;4.27.4&#8243; _module_preset=&#8220;default&#8220; custom_margin=&#8220;50px||||false|false&#8220; global_colors_info=&#8220;{}&#8220;]<\/p>\n<p>Ihr liebt Camping, wollt aber nicht auf den Komfort von zu Hause verzichten? Dann ist unser Private Space genau das Richtige f\u00fcr euch!<\/p>\n<p>Das Herzst\u00fcck eures Private Space ist die voll ausgestattete K\u00fcche mit gro\u00dfem Esszimmer nebenan \u2013 perfekt, um gemeinsam zu kochen, zu essen und den Tag in entspannter Atmosph\u00e4re ausklingen zu lassen. Ob Fr\u00fchst\u00fcck mit der Familie oder ein gem\u00fctliches Abendessen zu zweit: Hier habt ihr Platz f\u00fcr Genuss und gesellige Stunden.<\/p>\n<p>Dazu erwarten euch ein Badezimmer, ein Wohnzimmer mit Fernseher und bequemer Couch sowie eine sonnige Terrasse.<\/p>\n<p>Wir bieten euch zwei exklusive Private Spaces, die gegen Geb\u00fchr gemietet werden k\u00f6nnen \u2013 perfekt f\u00fcr alle, die im Urlaub Wert auf Privatsph\u00e4re, Komfort und ein wohnliches Ambiente legen.<\/p>\n<p>[\/et_pb_text][\/et_pb_column][\/et_pb_row][\/et_pb_section][et_pb_section fb_built=&#8220;1&#8243; fullwidth=&#8220;on&#8220; _builder_version=&#8220;4.27.2&#8243; _module_preset=&#8220;default&#8220; background_color=&#8220;#f3f3f1&#8243; min_height=&#8220;50px&#8220; global_colors_info=&#8220;{}&#8220;][\/et_pb_section][et_pb_section fb_built=&#8220;1&#8243; disabled_on=&#8220;on|on|off&#8220; _builder_version=&#8220;4.27.4&#8243; _module_preset=&#8220;default&#8220; locked=&#8220;off&#8220; global_colors_info=&#8220;{}&#8220;][et_pb_row column_structure=&#8220;2_5,3_5&#8243; _builder_version=&#8220;4.27.4&#8243; _module_preset=&#8220;default&#8220; global_colors_info=&#8220;{}&#8220;][et_pb_column type=&#8220;2_5&#8243; _builder_version=&#8220;4.27.4&#8243; _module_preset=&#8220;default&#8220; global_colors_info=&#8220;{}&#8220;][dnxte_coverflowslider_parent dnxte_coverflow_autoplay_show_hide=&#8220;off&#8220; dnxte_coverflow_loop=&#8220;on&#8220; dnxte_coverflow_centered_slides=&#8220;on&#8220; dnxte_coverflow_mousewheel_enable=&#8220;off&#8220; dnxte_coverflow_speed=&#8220;1000&#8243; dnxte_coverflow_spacebetween=&#8220;0&#8243; dnxte_coverflow_arrows=&#8220;on&#8220; dnxte_coverflow_pagination_type=&#8220;none&#8220; dnxte_coverflow_breakpoint_desktop=&#8220;1&#8243; dnxte_coverflow_arrow_color=&#8220;#3C472F&#8220; dnxte_coverflow_arrow_background_color=&#8220;RGBA(255,255,255,0)&#8220; dnxte_coverflow_arrow_size=&#8220;40&#8243; dnxte_coverflow_arrow_position=&#8220;outer&#8220; _builder_version=&#8220;4.27.4&#8243; _module_preset=&#8220;default&#8220; border_color_all_arrow_border=&#8220;#FFFFFF&#8220; border_style_all_arrow_border=&#8220;groove&#8220; locked=&#8220;off&#8220; global_colors_info=&#8220;{}&#8220;][dnxte_coverflowslider_child coverflowslider_image=&#8220;https:\/\/campingadler.com\/wp-content\/uploads\/2025\/11\/Private-Space-05.jpg&#8220; coverflowslider_alt=&#8220;Camping Adler Naturns Private Space&#8220; _builder_version=&#8220;4.27.4&#8243; _module_preset=&#8220;default&#8220; global_colors_info=&#8220;{}&#8220;][\/dnxte_coverflowslider_child][dnxte_coverflowslider_child coverflowslider_image=&#8220;https:\/\/campingadler.com\/wp-content\/uploads\/2025\/11\/Private-Space-03.jpg&#8220; coverflowslider_alt=&#8220;Camping Adler Naturns Private Space&#8220; _builder_version=&#8220;4.27.4&#8243; _module_preset=&#8220;default&#8220; global_colors_info=&#8220;{}&#8220;][\/dnxte_coverflowslider_child][dnxte_coverflowslider_child coverflowslider_image=&#8220;https:\/\/campingadler.com\/wp-content\/uploads\/2025\/11\/Private-Space-01.jpg&#8220; coverflowslider_alt=&#8220;Camping Adler Naturns Private Space&#8220; _builder_version=&#8220;4.27.4&#8243; _module_preset=&#8220;default&#8220; global_colors_info=&#8220;{}&#8220;][\/dnxte_coverflowslider_child][dnxte_coverflowslider_child coverflowslider_image=&#8220;https:\/\/campingadler.com\/wp-content\/uploads\/2025\/11\/Private-Space-02.jpg&#8220; coverflowslider_alt=&#8220;Camping Adler Naturns Private Space&#8220; _builder_version=&#8220;4.27.4&#8243; _module_preset=&#8220;default&#8220; global_colors_info=&#8220;{}&#8220;][\/dnxte_coverflowslider_child][dnxte_coverflowslider_child coverflowslider_image=&#8220;https:\/\/campingadler.com\/wp-content\/uploads\/2025\/11\/Private-Space-04.jpg&#8220; coverflowslider_alt=&#8220;Camping Adler Naturns Private Space&#8220; _builder_version=&#8220;4.27.4&#8243; _module_preset=&#8220;default&#8220; global_colors_info=&#8220;{}&#8220;][\/dnxte_coverflowslider_child][\/dnxte_coverflowslider_parent][\/et_pb_column][et_pb_column type=&#8220;3_5&#8243; _builder_version=&#8220;4.27.4&#8243; _module_preset=&#8220;default&#8220; global_colors_info=&#8220;{}&#8220;][et_pb_text _builder_version=&#8220;4.27.4&#8243; _module_preset=&#8220;default&#8220; custom_margin=&#8220;50px||||false|false&#8220; custom_margin_tablet=&#8220;0px||||false|false&#8220; custom_margin_phone=&#8220;0px||||false|false&#8220; custom_margin_last_edited=&#8220;on|desktop&#8220; global_colors_info=&#8220;{}&#8220;]<\/p>\n<p>St\u00f6bert durch unsere Fotogalerie! Unser Private Space befindet sich direkt am Campingplatz, ist liebevoll eingerichtet und bietet alles, was euren Aufenthalt noch entspannter und unvergesslicher macht.<\/p>\n<p>[\/et_pb_text][\/et_pb_column][\/et_pb_row][et_pb_row column_structure=&#8220;3_5,2_5&#8243; _builder_version=&#8220;4.27.4&#8243; _module_preset=&#8220;default&#8220; global_colors_info=&#8220;{}&#8220;][et_pb_column type=&#8220;3_5&#8243; _builder_version=&#8220;4.27.4&#8243; _module_preset=&#8220;default&#8220; global_colors_info=&#8220;{}&#8220;][et_pb_text module_class=&#8220;title-with-underline&#8220; _builder_version=&#8220;4.27.4&#8243; _module_preset=&#8220;default&#8220; locked=&#8220;off&#8220; global_colors_info=&#8220;{}&#8220;]<\/p>\n<h4><strong>Coworking Space \u2013 Euer Raum f\u00fcr Fokus und Produktivit\u00e4t<\/strong><\/h4>\n<p>[\/et_pb_text][et_pb_text _builder_version=&#8220;4.27.4&#8243; _module_preset=&#8220;default&#8220; global_colors_info=&#8220;{}&#8220;]<\/p>\n<p>Ihr wollt im Urlaub produktiv bleiben? Unser Coworking Space macht\u2019s m\u00f6glich.<\/p>\n<p>Hier findet ihr drei ergonomische Schreibtische, Computerbildschirme, erstklassiges WLAN sowie eine sonnige Terrasse f\u00fcr entspannte Pausen zwischendurch.<\/p>\n<p>Ob ihr an neuen Ideen t\u00fcftelt, remote arbeitet oder einfach einen ruhigen Ort zum Denken sucht \u2013 hier bekommt ihr euer ganz pers\u00f6nliches Fokus-Separee.<\/p>\n<p>Und das Beste: Die Nutzung ist kostenfrei! So geht Workation, wie sie sein soll \u2013 produktiv, entspannt und direkt am Campingplatz.<\/p>\n<p>[\/et_pb_text][\/et_pb_column][et_pb_column type=&#8220;2_5&#8243; _builder_version=&#8220;4.27.4&#8243; _module_preset=&#8220;default&#8220; global_colors_info=&#8220;{}&#8220;][dnxte_coverflowslider_parent dnxte_coverflow_autoplay_show_hide=&#8220;off&#8220; dnxte_coverflow_loop=&#8220;on&#8220; dnxte_coverflow_centered_slides=&#8220;on&#8220; dnxte_coverflow_mousewheel_enable=&#8220;off&#8220; dnxte_coverflow_speed=&#8220;1000&#8243; dnxte_coverflow_spacebetween=&#8220;0&#8243; dnxte_coverflow_arrows=&#8220;on&#8220; dnxte_coverflow_pagination_type=&#8220;none&#8220; dnxte_coverflow_breakpoint_desktop=&#8220;1&#8243; dnxte_coverflow_arrow_color=&#8220;#3C472F&#8220; dnxte_coverflow_arrow_background_color=&#8220;RGBA(255,255,255,0)&#8220; dnxte_coverflow_arrow_size=&#8220;40&#8243; dnxte_coverflow_arrow_position=&#8220;outer&#8220; _builder_version=&#8220;4.27.4&#8243; _module_preset=&#8220;default&#8220; border_color_all_arrow_border=&#8220;#FFFFFF&#8220; border_style_all_arrow_border=&#8220;groove&#8220; locked=&#8220;off&#8220; global_colors_info=&#8220;{}&#8220;][dnxte_coverflowslider_child coverflowslider_image=&#8220;https:\/\/campingadler.com\/wp-content\/uploads\/2025\/11\/Coworking-02.jpg&#8220; _builder_version=&#8220;4.27.4&#8243; _module_preset=&#8220;default&#8220; global_colors_info=&#8220;{}&#8220;][\/dnxte_coverflowslider_child][dnxte_coverflowslider_child coverflowslider_image=&#8220;https:\/\/campingadler.com\/wp-content\/uploads\/2025\/11\/Coworking-05.jpg&#8220; _builder_version=&#8220;4.27.4&#8243; _module_preset=&#8220;default&#8220; global_colors_info=&#8220;{}&#8220;][\/dnxte_coverflowslider_child][dnxte_coverflowslider_child coverflowslider_image=&#8220;https:\/\/campingadler.com\/wp-content\/uploads\/2025\/11\/Coworking-06.jpg&#8220; _builder_version=&#8220;4.27.4&#8243; _module_preset=&#8220;default&#8220; global_colors_info=&#8220;{}&#8220;][\/dnxte_coverflowslider_child][dnxte_coverflowslider_child coverflowslider_image=&#8220;https:\/\/campingadler.com\/wp-content\/uploads\/2025\/11\/Coworking-04.jpg&#8220; _builder_version=&#8220;4.27.4&#8243; _module_preset=&#8220;default&#8220; global_colors_info=&#8220;{}&#8220;][\/dnxte_coverflowslider_child][dnxte_coverflowslider_child coverflowslider_image=&#8220;https:\/\/campingadler.com\/wp-content\/uploads\/2025\/11\/Coworking-01.jpg&#8220; _builder_version=&#8220;4.27.4&#8243; _module_preset=&#8220;default&#8220; global_colors_info=&#8220;{}&#8220;][\/dnxte_coverflowslider_child][dnxte_coverflowslider_child coverflowslider_image=&#8220;https:\/\/campingadler.com\/wp-content\/uploads\/2025\/11\/Coworking-03.jpg&#8220; _builder_version=&#8220;4.27.4&#8243; _module_preset=&#8220;default&#8220; global_colors_info=&#8220;{}&#8220;][\/dnxte_coverflowslider_child][\/dnxte_coverflowslider_parent][\/et_pb_column][\/et_pb_row][\/et_pb_section][et_pb_section fb_built=&#8220;1&#8243; disabled_on=&#8220;off|off|on&#8220; _builder_version=&#8220;4.27.4&#8243; _module_preset=&#8220;default&#8220; custom_margin_tablet=&#8220;0px||||false|false&#8220; custom_margin_phone=&#8220;0px||||false|false&#8220; custom_margin_last_edited=&#8220;on|desktop&#8220; custom_padding=&#8220;0px||||false|false&#8220; locked=&#8220;off&#8220; global_colors_info=&#8220;{}&#8220;][et_pb_row column_structure=&#8220;2_5,3_5&#8243; _builder_version=&#8220;4.27.4&#8243; _module_preset=&#8220;default&#8220; global_colors_info=&#8220;{}&#8220;][et_pb_column type=&#8220;2_5&#8243; _builder_version=&#8220;4.27.4&#8243; _module_preset=&#8220;default&#8220; global_colors_info=&#8220;{}&#8220;][dnxte_coverflowslider_parent dnxte_coverflow_autoplay_show_hide=&#8220;off&#8220; dnxte_coverflow_loop=&#8220;on&#8220; dnxte_coverflow_centered_slides=&#8220;on&#8220; dnxte_coverflow_mousewheel_enable=&#8220;off&#8220; dnxte_coverflow_speed=&#8220;1000&#8243; dnxte_coverflow_spacebetween=&#8220;0&#8243; dnxte_coverflow_arrows=&#8220;on&#8220; dnxte_coverflow_pagination_type=&#8220;none&#8220; dnxte_coverflow_breakpoint_desktop=&#8220;1&#8243; dnxte_coverflow_arrow_color=&#8220;#3C472F&#8220; dnxte_coverflow_arrow_background_color=&#8220;RGBA(255,255,255,0)&#8220; dnxte_coverflow_arrow_size=&#8220;40&#8243; dnxte_coverflow_arrow_position=&#8220;outer&#8220; _builder_version=&#8220;4.27.4&#8243; _module_preset=&#8220;default&#8220; border_color_all_arrow_border=&#8220;#FFFFFF&#8220; border_style_all_arrow_border=&#8220;groove&#8220; locked=&#8220;off&#8220; global_colors_info=&#8220;{}&#8220;][dnxte_coverflowslider_child coverflowslider_image=&#8220;https:\/\/campingadler.com\/wp-content\/uploads\/2025\/11\/Private-Space-05.jpg&#8220; coverflowslider_alt=&#8220;Camping Adler Naturns Private Space&#8220; _builder_version=&#8220;4.27.4&#8243; _module_preset=&#8220;default&#8220; global_colors_info=&#8220;{}&#8220;][\/dnxte_coverflowslider_child][dnxte_coverflowslider_child coverflowslider_image=&#8220;https:\/\/campingadler.com\/wp-content\/uploads\/2025\/11\/Private-Space-03.jpg&#8220; coverflowslider_alt=&#8220;Camping Adler Naturns Private Space&#8220; _builder_version=&#8220;4.27.4&#8243; _module_preset=&#8220;default&#8220; global_colors_info=&#8220;{}&#8220;][\/dnxte_coverflowslider_child][dnxte_coverflowslider_child coverflowslider_image=&#8220;https:\/\/campingadler.com\/wp-content\/uploads\/2025\/11\/Private-Space-01.jpg&#8220; coverflowslider_alt=&#8220;Camping Adler Naturns Private Space&#8220; _builder_version=&#8220;4.27.4&#8243; _module_preset=&#8220;default&#8220; global_colors_info=&#8220;{}&#8220;][\/dnxte_coverflowslider_child][dnxte_coverflowslider_child coverflowslider_image=&#8220;https:\/\/campingadler.com\/wp-content\/uploads\/2025\/11\/Private-Space-02.jpg&#8220; coverflowslider_alt=&#8220;Camping Adler Naturns Private Space&#8220; _builder_version=&#8220;4.27.4&#8243; _module_preset=&#8220;default&#8220; global_colors_info=&#8220;{}&#8220;][\/dnxte_coverflowslider_child][dnxte_coverflowslider_child coverflowslider_image=&#8220;https:\/\/campingadler.com\/wp-content\/uploads\/2025\/11\/Private-Space-04.jpg&#8220; coverflowslider_alt=&#8220;Camping Adler Naturns Private Space&#8220; _builder_version=&#8220;4.27.4&#8243; _module_preset=&#8220;default&#8220; global_colors_info=&#8220;{}&#8220;][\/dnxte_coverflowslider_child][\/dnxte_coverflowslider_parent][\/et_pb_column][et_pb_column type=&#8220;3_5&#8243; _builder_version=&#8220;4.27.4&#8243; _module_preset=&#8220;default&#8220; global_colors_info=&#8220;{}&#8220;][et_pb_text _builder_version=&#8220;4.27.4&#8243; _module_preset=&#8220;default&#8220; custom_margin=&#8220;50px||||false|false&#8220; custom_margin_tablet=&#8220;-60px||-10px||false|false&#8220; custom_margin_phone=&#8220;-60px||-10px||false|false&#8220; custom_margin_last_edited=&#8220;on|tablet&#8220; custom_padding=&#8220;0px||||false|false&#8220; global_colors_info=&#8220;{}&#8220;]<\/p>\n<p>St\u00f6bert durch unsere Fotogalerie! Unser Private Space befindet sich direkt am Campingplatz, ist liebevoll eingerichtet und bietet alles, was euren Aufenthalt noch entspannter und unvergesslicher macht.<\/p>\n<p>[\/et_pb_text][\/et_pb_column][\/et_pb_row][et_pb_row column_structure=&#8220;2_5,3_5&#8243; _builder_version=&#8220;4.27.4&#8243; _module_preset=&#8220;default&#8220; global_colors_info=&#8220;{}&#8220;][et_pb_column type=&#8220;2_5&#8243; _builder_version=&#8220;4.27.4&#8243; _module_preset=&#8220;default&#8220; global_colors_info=&#8220;{}&#8220;][dnxte_coverflowslider_parent dnxte_coverflow_autoplay_show_hide=&#8220;off&#8220; dnxte_coverflow_loop=&#8220;on&#8220; dnxte_coverflow_centered_slides=&#8220;on&#8220; dnxte_coverflow_mousewheel_enable=&#8220;off&#8220; dnxte_coverflow_speed=&#8220;1000&#8243; dnxte_coverflow_spacebetween=&#8220;0&#8243; dnxte_coverflow_arrows=&#8220;on&#8220; dnxte_coverflow_pagination_type=&#8220;none&#8220; dnxte_coverflow_breakpoint_desktop=&#8220;1&#8243; dnxte_coverflow_arrow_color=&#8220;#3C472F&#8220; dnxte_coverflow_arrow_background_color=&#8220;RGBA(255,255,255,0)&#8220; dnxte_coverflow_arrow_size=&#8220;40&#8243; dnxte_coverflow_arrow_position=&#8220;outer&#8220; _builder_version=&#8220;4.27.4&#8243; _module_preset=&#8220;default&#8220; border_color_all_arrow_border=&#8220;#FFFFFF&#8220; border_style_all_arrow_border=&#8220;groove&#8220; locked=&#8220;off&#8220; global_colors_info=&#8220;{}&#8220;][dnxte_coverflowslider_child coverflowslider_image=&#8220;https:\/\/campingadler.com\/wp-content\/uploads\/2025\/11\/Coworking-02.jpg&#8220; _builder_version=&#8220;4.27.4&#8243; _module_preset=&#8220;default&#8220; global_colors_info=&#8220;{}&#8220;][\/dnxte_coverflowslider_child][dnxte_coverflowslider_child coverflowslider_image=&#8220;https:\/\/campingadler.com\/wp-content\/uploads\/2025\/11\/Coworking-05.jpg&#8220; _builder_version=&#8220;4.27.4&#8243; _module_preset=&#8220;default&#8220; global_colors_info=&#8220;{}&#8220;][\/dnxte_coverflowslider_child][dnxte_coverflowslider_child coverflowslider_image=&#8220;https:\/\/campingadler.com\/wp-content\/uploads\/2025\/11\/Coworking-06.jpg&#8220; _builder_version=&#8220;4.27.4&#8243; _module_preset=&#8220;default&#8220; global_colors_info=&#8220;{}&#8220;][\/dnxte_coverflowslider_child][dnxte_coverflowslider_child coverflowslider_image=&#8220;https:\/\/campingadler.com\/wp-content\/uploads\/2025\/11\/Coworking-04.jpg&#8220; _builder_version=&#8220;4.27.4&#8243; _module_preset=&#8220;default&#8220; global_colors_info=&#8220;{}&#8220;][\/dnxte_coverflowslider_child][dnxte_coverflowslider_child coverflowslider_image=&#8220;https:\/\/campingadler.com\/wp-content\/uploads\/2025\/11\/Coworking-01.jpg&#8220; _builder_version=&#8220;4.27.4&#8243; _module_preset=&#8220;default&#8220; global_colors_info=&#8220;{}&#8220;][\/dnxte_coverflowslider_child][dnxte_coverflowslider_child coverflowslider_image=&#8220;https:\/\/campingadler.com\/wp-content\/uploads\/2025\/11\/Coworking-03.jpg&#8220; _builder_version=&#8220;4.27.4&#8243; _module_preset=&#8220;default&#8220; global_colors_info=&#8220;{}&#8220;][\/dnxte_coverflowslider_child][\/dnxte_coverflowslider_parent][\/et_pb_column][et_pb_column type=&#8220;3_5&#8243; _builder_version=&#8220;4.27.4&#8243; _module_preset=&#8220;default&#8220; global_colors_info=&#8220;{}&#8220;][et_pb_text module_class=&#8220;title-with-underline&#8220; _builder_version=&#8220;4.27.4&#8243; _module_preset=&#8220;default&#8220; custom_margin=&#8220;||||false|false&#8220; custom_margin_tablet=&#8220;-50px||||false|false&#8220; custom_margin_phone=&#8220;-50px||||false|false&#8220; custom_margin_last_edited=&#8220;on|desktop&#8220; locked=&#8220;off&#8220; global_colors_info=&#8220;{}&#8220;]<\/p>\n<h4><strong>Coworking Space \u2013 Euer Raum f\u00fcr Fokus und Produktivit\u00e4t<\/strong><\/h4>\n<p>[\/et_pb_text][et_pb_text _builder_version=&#8220;4.27.4&#8243; _module_preset=&#8220;default&#8220; global_colors_info=&#8220;{}&#8220;]<\/p>\n<p>Ihr wollt im Urlaub produktiv bleiben? Unser Coworking Space macht\u2019s m\u00f6glich.<\/p>\n<p>Hier findet ihr drei ergonomische Schreibtische, Computerbildschirme, erstklassiges WLAN sowie eine sonnige Terrasse f\u00fcr entspannte Pausen zwischendurch.<\/p>\n<p>Ob ihr an neuen Ideen t\u00fcftelt, remote arbeitet oder einfach einen ruhigen Ort zum Denken sucht \u2013 hier bekommt ihr euer ganz pers\u00f6nliches Fokus-Separee.<\/p>\n<p>Und das Beste: Die Nutzung ist kostenfrei! So geht Workation, wie sie sein soll \u2013 produktiv, entspannt und direkt am Campingplatz.<\/p>\n<p>[\/et_pb_text][\/et_pb_column][\/et_pb_row][\/et_pb_section][et_pb_section fb_built=&#8220;1&#8243; fullwidth=&#8220;on&#8220; _builder_version=&#8220;4.27.2&#8243; _module_preset=&#8220;default&#8220; background_color=&#8220;#f3f3f1&#8243; min_height=&#8220;50px&#8220; global_colors_info=&#8220;{}&#8220;][\/et_pb_section]<\/p>\n","protected":false},"excerpt":{"rendered":"<p>Spazio privato affittabile con cucina, zona soggiorno e terrazza, nonch\u00e9 spazio di coworking gratuito direttamente nel campeggio.<\/p>","protected":false},"author":1,"featured_media":0,"parent":0,"menu_order":5,"comment_status":"closed","ping_status":"closed","template":"","meta":{"_et_pb_use_builder":"on","_et_pb_old_content":"","_et_gb_content_width":"","iawp_total_views":2499,"footnotes":""},"class_list":["post-282","page","type-page","status-publish","hentry"],"_links":{"self":[{"href":"https:\/\/campingadler.com\/it\/wp-json\/wp\/v2\/pages\/282","targetHints":{"allow":["GET"]}}],"collection":[{"href":"https:\/\/campingadler.com\/it\/wp-json\/wp\/v2\/pages"}],"about":[{"href":"https:\/\/campingadler.com\/it\/wp-json\/wp\/v2\/types\/page"}],"author":[{"embeddable":true,"href":"https:\/\/campingadler.com\/it\/wp-json\/wp\/v2\/users\/1"}],"replies":[{"embeddable":true,"href":"https:\/\/campingadler.com\/it\/wp-json\/wp\/v2\/comments?post=282"}],"version-history":[{"count":28,"href":"https:\/\/campingadler.com\/it\/wp-json\/wp\/v2\/pages\/282\/revisions"}],"predecessor-version":[{"id":987510467,"href":"https:\/\/campingadler.com\/it\/wp-json\/wp\/v2\/pages\/282\/revisions\/987510467"}],"wp:attachment":[{"href":"https:\/\/campingadler.com\/it\/wp-json\/wp\/v2\/media?parent=282"}],"curies":[{"name":"wp","href":"https:\/\/api.w.org\/{rel}","templated":true}]}}