{"id":372,"date":"2024-12-11T07:50:57","date_gmt":"2024-12-11T07:50:57","guid":{"rendered":"https:\/\/dolcevitacamping.com\/?page_id=372"},"modified":"2025-12-16T16:03:26","modified_gmt":"2025-12-16T16:03:26","slug":"alto-adige-guest-pass","status":"publish","type":"page","link":"https:\/\/campingadler.com\/it\/suedtirol-guest-pass\/","title":{"rendered":"Alto Adige Guest Pass"},"content":{"rendered":"<p>[et_pb_section fb_built=&#8220;1&#8243; fullwidth=&#8220;on&#8220; _builder_version=&#8220;4.27.4&#8243; _module_preset=&#8220;default&#8220; global_colors_info=&#8220;{}&#8220;][et_pb_fullwidth_image src=&#8220;https:\/\/campingadler.com\/wp-content\/uploads\/2024\/12\/Suedtirol-Guest-Pass.jpg&#8220; title_text=&#8220;Suedtirol-Guest-Pass&#8220; _builder_version=&#8220;4.27.4&#8243; _module_preset=&#8220;default&#8220; global_colors_info=&#8220;{}&#8220;][\/et_pb_fullwidth_image][\/et_pb_section][et_pb_section fb_built=&#8220;1&#8243; fullwidth=&#8220;on&#8220; _builder_version=&#8220;4.27.2&#8243; _module_preset=&#8220;default&#8220; background_color=&#8220;#f3f3f1&#8243; min_height=&#8220;50px&#8220; locked=&#8220;off&#8220; global_colors_info=&#8220;{}&#8220;][\/et_pb_section][et_pb_section fb_built=&#8220;1&#8243; _builder_version=&#8220;4.27.4&#8243; _module_preset=&#8220;default&#8220; background_color=&#8220;RGBA(255,255,255,0)&#8220; background_image=&#8220;https:\/\/campingadler.com\/wp-content\/uploads\/2024\/12\/CA-CampingAdler-A_BG.png&#8220; background_size=&#8220;contain&#8220; background_position=&#8220;center_left&#8220; min_height=&#8220;1485px&#8220; custom_padding=&#8220;0px||0px||false|false&#8220; locked=&#8220;off&#8220; global_colors_info=&#8220;{}&#8220;][et_pb_row _builder_version=&#8220;4.27.4&#8243; _module_preset=&#8220;default&#8220; custom_margin=&#8220;||||false|false&#8220; custom_padding=&#8220;||0px||false|false&#8220; global_colors_info=&#8220;{}&#8220;][et_pb_column type=&#8220;4_4&#8243; _builder_version=&#8220;4.23.1&#8243; _module_preset=&#8220;default&#8220; global_colors_info=&#8220;{}&#8220;][et_pb_text module_class=&#8220;title-with-underline&#8220; _builder_version=&#8220;4.27.4&#8243; _module_preset=&#8220;default&#8220; global_colors_info=&#8220;{}&#8220;]<\/p>\n<h1><strong>S\u00fcdtirol Guest Pass<\/strong><\/h1>\n<p>[\/et_pb_text][et_pb_text _builder_version=&#8220;4.27.4&#8243; _module_preset=&#8220;default&#8220; global_colors_info=&#8220;{}&#8220;]<\/p>\n<p>Dein kostenloses Bus- und Zugticket, um die gesamte Region S\u00fcdtirol zu erkunden!<\/p>\n<p>In deinem Aufenthaltspreis ist der S\u00fcdtirol Guest Pass enthalten, ein Ticket, mit dem du alle Verkehrsmitteln des <a href=\"https:\/\/www.suedtirolmobil.info\/\" target=\"_blank\" rel=\"noopener\">s\u00fcdtirolmobil<\/a>-Netzwerks kostenfrei nutzen kannst. Hier erf\u00e4hrst du alles zur Verwendung des Passes!<\/p>\n<p>[\/et_pb_text][et_pb_text module_class=&#8220;title-with-underline&#8220; _builder_version=&#8220;4.27.4&#8243; _module_preset=&#8220;default&#8220; global_colors_info=&#8220;{}&#8220;]<\/p>\n<h3><strong>Wie erhalte ich meinen S\u00fcdtirol Guest Pass?<\/strong><\/h3>\n<p>[\/et_pb_text][et_pb_text _builder_version=&#8220;4.27.4&#8243; _module_preset=&#8220;default&#8220; custom_margin=&#8220;||50px||false|false&#8220; global_colors_info=&#8220;{}&#8220;]<\/p>\n<p>Du kannst den S\u00fcdtirol Guest Pass ab 00:00 Uhr am Anreisetag bequem \u00fcber dein Mobilger\u00e4t online beantragen. Dieser ist dann bis 24:00 Uhr am Abreisetag g\u00fcltig. Den Guest Pass gibt es in zwei Formaten:<br \/>\u00a0<\/p>\n<ul>\n<li>Als digitales Ticket (PDF) f\u00fcr mobile Ger\u00e4te (Smartphones), das direkt \u00fcber das Smartphone genutzt oder ausgedruckt und in Papierform mitgenommen werden kann;<\/li>\n<li>Als digitales Ticket zum Hinzuf\u00fcgen zum sogenannten \u201eWallet\u201c auf Smartphones (z.B. Google Wallet, Apple Wallet oder \u00e4hnliche App).<\/li>\n<\/ul>\n<p>[\/et_pb_text][et_pb_text module_class=&#8220;title-with-underline&#8220; _builder_version=&#8220;4.27.4&#8243; _module_preset=&#8220;default&#8220; global_colors_info=&#8220;{}&#8220;]<\/p>\n<h3><strong>Wie nutze ich meinen S\u00fcdtirol Guest Pass?<\/strong><\/h3>\n<p>[\/et_pb_text][et_pb_text _builder_version=&#8220;4.27.4&#8243; _module_preset=&#8220;default&#8220; custom_margin=&#8220;||50px||false|false&#8220; global_colors_info=&#8220;{}&#8220;]<\/p>\n<p>Bei jedem Fahrtantritt muss der S\u00fcdtirol Guest Pass (QR-Code des digitalen Tickets) am blauen Entwertungsger\u00e4t im Bus, an den Bahnh\u00f6fen und Seilbahnstationen eingescannt werden. Ist der S\u00fcdtirol Guest Pass g\u00fcltig, erscheint ein gr\u00fcnes OK-Symbol auf dem Bildschirm bzw. das akustische Signal des Entwertungsger\u00e4te best\u00e4tigt die Entwertung.<\/p>\n<p>Um Echtzeit-Fahrpl\u00e4ne und alle Verbindungen zu sehen, lade dir die <a href=\"https:\/\/www.suedtirolmobil.info\/de\/service-und-kontakt\/app-suedtirolmobil\" target=\"_blank\" rel=\"noopener\">s\u00fcdtirolmobil-App<\/a> herunter.<\/p>\n<p><strong>Wichtig:<\/strong><\/p>\n<ul>\n<li>Die Angaben mit deinem vollst\u00e4ndigen Namen und deinem Aufenthaltszeitraum m\u00fcssen korrekt sein<\/li>\n<li>Die Karte gilt 7 Tage lang, ab der ersten Entwertung<\/li>\n<li>Solltest du l\u00e4nger als 7 Tage bleiben, musst du nach Ablauf der G\u00fcltigkeitsdauer von 7 Tagen einen neuen S\u00fcdtirol Guest Pass beantragen<\/li>\n<li>Entwerte den S\u00fcdtirol Guest Pass zu Beginn einer jeden Fahrt<\/li>\n<li>Die Karte gilt nicht f\u00fcr Hunde und die Fahrradmitnahme<\/li>\n<li>Die Karte erhalten G\u00e4ste ab 6 Jahren<\/li>\n<\/ul>\n<p><strong>Diese Verkehrsmittel sind im Verkehrsverbund s\u00fcdtirolmobil f\u00fcr dich kostenlos nutzbar:<\/strong><strong>\u00a0<\/strong><\/p>\n<ul>\n<li>Regionalz\u00fcge (Brenner-Trient, Mals-Innichen)<\/li>\n<li>Nahverkehrsbusse (Stadt-, \u00dcberland- und Citybusse)<\/li>\n<li>Seilbahnen (Burgstall-V\u00f6ran, Vilpian-M\u00f6lten, Bozen-Ritten, Bozen-Kohlern, M\u00fchlbach-Meransen)<\/li>\n<li>Trambahn Ritten und Standseilbahn Mendel<\/li>\n<li>PostAuto Schweiz Mals-M\u00fcstair<\/li>\n<\/ul>\n<p><strong>Wo kann der S\u00fcdtirol Guest Pass nicht verwendet werden?<\/strong><\/p>\n<p>Bei Fahrten mit Nightliner-Bussen und -Shuttles<\/p>\n<ul>\n<li>Fernverkehrsz\u00fcgen (z.B. EC-Z\u00fcge, Railjet, Frecciarossa, Frecciargento, Italo)<\/li>\n<li>In Regionalz\u00fcgen im Abschnitt Brenner-Innsbruck und Innichen-Lienz<\/li>\n<li>F\u00fcr die Fahrrad-und Tiermitnahme<\/li>\n<li>Ebenso hat der Pass auf folgenden touristischen Buslinien keine G\u00fcltigkeit:\n<ul>\n<li>Linie 444 Toblach \u2013 Misurina \u2013 Drei Zinnen\/Auronzoh\u00fctte<\/li>\n<li>Linie 440 Kreuzbergpass \u2013 Fischleintal \u2013 Sexten<\/li>\n<li>Shuttle Linie 439 Welsberg \u2013 Prags<\/li>\n<li>Linie 442 Toblach \u2013 Niederdorf \u2013 Prags<\/li>\n<\/ul>\n<\/li>\n<\/ul>\n<p>[\/et_pb_text][\/et_pb_column][\/et_pb_row][\/et_pb_section][et_pb_section fb_built=&#8220;1&#8243; fullwidth=&#8220;on&#8220; _builder_version=&#8220;4.27.2&#8243; _module_preset=&#8220;default&#8220; background_color=&#8220;#f3f3f1&#8243; min_height=&#8220;64px&#8220; custom_margin=&#8220;-18px|||||&#8220; locked=&#8220;off&#8220; global_colors_info=&#8220;{}&#8220;][\/et_pb_section][et_pb_section fb_built=&#8220;1&#8243; _builder_version=&#8220;4.27.4&#8243; _module_preset=&#8220;default&#8220; global_colors_info=&#8220;{}&#8220;][et_pb_row _builder_version=&#8220;4.27.4&#8243; _module_preset=&#8220;default&#8220; global_colors_info=&#8220;{}&#8220;][et_pb_column type=&#8220;4_4&#8243; _builder_version=&#8220;4.27.4&#8243; _module_preset=&#8220;default&#8220; global_colors_info=&#8220;{}&#8220;][et_pb_text module_class=&#8220;title-with-underline&#8220; _builder_version=&#8220;4.27.4&#8243; _module_preset=&#8220;default&#8220; global_colors_info=&#8220;{}&#8220;]<\/p>\n<h2><strong>N\u00fctzliche Links zum S\u00fcdtirol Guest Pass<\/strong><\/h2>\n<p>[\/et_pb_text][\/et_pb_column][\/et_pb_row][et_pb_row column_structure=&#8220;1_3,1_3,1_3&#8243; _builder_version=&#8220;4.27.3&#8243; _module_preset=&#8220;default&#8220; custom_padding=&#8220;50px||80px||false|false&#8220; locked=&#8220;off&#8220; global_colors_info=&#8220;{}&#8220;][et_pb_column type=&#8220;1_3&#8243; _builder_version=&#8220;4.23.4&#8243; _module_preset=&#8220;default&#8220; global_colors_info=&#8220;{}&#8220;][et_pb_text admin_label=&#8220;S\u00fcdtirol Pass&#8220; _builder_version=&#8220;4.27.3&#8243; _module_preset=&#8220;default&#8220; text_font=&#8220;Nanum Gothic||||||||&#8220; header_font=&#8220;Marcellus||||||||&#8220; header_font_size=&#8220;35px&#8220; header_3_font=&#8220;Marcellus||||||||&#8220; header_5_font=&#8220;Noto Sans|300|||||||&#8220; header_5_text_color=&#8220;#3C472F&#8220; link_option_url=&#8220;https:\/\/www.suedtirolmobil.info\/de\/tickets\/urlaub-und-freizeit\/suedtirol-guest-pass&#8220; link_option_url_new_window=&#8220;on&#8220; locked=&#8220;off&#8220; global_colors_info=&#8220;{}&#8220; header_5_text_color__hover_enabled=&#8220;on|desktop&#8220; header_5_text_color__hover=&#8220;#FFB70F&#8220;]<\/p>\n<h5><strong>\u2192 Alle Infos S\u00fcdtirol Guest Pass<\/strong><\/h5>\n<p>[\/et_pb_text][et_pb_text admin_label=&#8220;Fahrpl\u00e4ne&#8220; _builder_version=&#8220;4.24.2&#8243; _module_preset=&#8220;default&#8220; text_font=&#8220;Nanum Gothic||||||||&#8220; header_font=&#8220;Marcellus||||||||&#8220; header_font_size=&#8220;35px&#8220; header_3_font=&#8220;Marcellus||||||||&#8220; header_5_font=&#8220;Noto Sans|300|||||||&#8220; header_5_text_color=&#8220;#3C472F&#8220; link_option_url=&#8220;https:\/\/www.suedtirolmobil.info\/de\/&#8220; link_option_url_new_window=&#8220;on&#8220; locked=&#8220;off&#8220; global_colors_info=&#8220;{}&#8220; header_5_text_color__hover=&#8220;#FFB70F&#8220; header_5_text_color__hover_enabled=&#8220;on|desktop&#8220;]<\/p>\n<h5><strong>\u2192 Fahrpl\u00e4ne<\/strong><\/h5>\n<p>[\/et_pb_text][\/et_pb_column][et_pb_column type=&#8220;1_3&#8243; _builder_version=&#8220;4.23.4&#8243; _module_preset=&#8220;default&#8220; global_colors_info=&#8220;{}&#8220;][et_pb_text admin_label=&#8220;Fahrradmitnahme&#8220; _builder_version=&#8220;4.24.2&#8243; _module_preset=&#8220;default&#8220; text_font=&#8220;Nanum Gothic||||||||&#8220; header_font=&#8220;Marcellus||||||||&#8220; header_font_size=&#8220;35px&#8220; header_3_font=&#8220;Marcellus||||||||&#8220; header_5_font=&#8220;Noto Sans|300|||||||&#8220; header_5_text_color=&#8220;#3C472F&#8220; link_option_url=&#8220;https:\/\/www.suedtirolmobil.info\/de\/tickets\/tarifsystem-und-fahrschein-entwertung\/fahrradmitnahme&#8220; link_option_url_new_window=&#8220;on&#8220; locked=&#8220;off&#8220; global_colors_info=&#8220;{}&#8220; header_5_text_color__hover=&#8220;#FFB70F&#8220; header_5_text_color__hover_enabled=&#8220;on|desktop&#8220;]<\/p>\n<h5><strong>\u2192 Fahrradmitnahme<\/strong><\/h5>\n<p>[\/et_pb_text][et_pb_text _builder_version=&#8220;4.24.2&#8243; _module_preset=&#8220;default&#8220; text_font=&#8220;Nanum Gothic||||||||&#8220; header_font=&#8220;Marcellus||||||||&#8220; header_font_size=&#8220;35px&#8220; header_3_font=&#8220;Marcellus||||||||&#8220; header_5_font=&#8220;Noto Sans|300|||||||&#8220; header_5_text_color=&#8220;#3C472F&#8220; link_option_url=&#8220;https:\/\/www.suedtirolmobil.info\/de\/tickets\/tarifsystem-und-fahrschein-entwertung\/gepaeck-und-gegenstaende&#8220; link_option_url_new_window=&#8220;on&#8220; locked=&#8220;off&#8220; global_colors_info=&#8220;{}&#8220; header_5_text_color__hover=&#8220;#FFB70F&#8220; header_5_text_color__hover_enabled=&#8220;on|desktop&#8220;]<\/p>\n<h5><strong>\u2192 Bef\u00f6rderung Gegenst\u00e4nde<\/strong><\/h5>\n<p>[\/et_pb_text][\/et_pb_column][et_pb_column type=&#8220;1_3&#8243; _builder_version=&#8220;4.23.4&#8243; _module_preset=&#8220;default&#8220; global_colors_info=&#8220;{}&#8220;][et_pb_text admin_label=&#8220;Tageskarte Fahrrad&#8220; _builder_version=&#8220;4.24.2&#8243; _module_preset=&#8220;default&#8220; text_font=&#8220;Nanum Gothic||||||||&#8220; header_font=&#8220;Marcellus||||||||&#8220; header_font_size=&#8220;35px&#8220; header_3_font=&#8220;Marcellus||||||||&#8220; header_5_font=&#8220;Noto Sans|300|||||||&#8220; header_5_text_color=&#8220;#3C472F&#8220; link_option_url=&#8220;https:\/\/www.suedtirolmobil.info\/de\/tickets\/ticketfinder\/tageskarte-fahrradmitnahme&#8220; link_option_url_new_window=&#8220;on&#8220; locked=&#8220;off&#8220; global_colors_info=&#8220;{}&#8220; header_5_text_color__hover=&#8220;#FFB70F&#8220; header_5_text_color__hover_enabled=&#8220;on|desktop&#8220;]<\/p>\n<h5><strong>\u2192 Tageskarte Fahrrad<\/strong><\/h5>\n<p>[\/et_pb_text][et_pb_text admin_label=&#8220;Hund&#8220; _builder_version=&#8220;4.24.2&#8243; _module_preset=&#8220;default&#8220; text_font=&#8220;Nanum Gothic||||||||&#8220; header_font=&#8220;Marcellus||||||||&#8220; header_font_size=&#8220;35px&#8220; header_3_font=&#8220;Marcellus||||||||&#8220; header_5_font=&#8220;Noto Sans|300|||||||&#8220; header_5_text_color=&#8220;#3C472F&#8220; link_option_url=&#8220;https:\/\/www.suedtirolmobil.info\/de\/tickets\/tarifsystem-und-fahrschein-entwertung\/tiermitnahme&#8220; link_option_url_new_window=&#8220;on&#8220; locked=&#8220;off&#8220; global_colors_info=&#8220;{}&#8220; header_5_text_color__hover=&#8220;#FFB70F&#8220; header_5_text_color__hover_enabled=&#8220;on|desktop&#8220;]<\/p>\n<h5><strong>\u2192 Mitnahme von Hunden<\/strong><\/h5>\n<p>[\/et_pb_text][\/et_pb_column][\/et_pb_row][\/et_pb_section][et_pb_section fb_built=&#8220;1&#8243; fullwidth=&#8220;on&#8220; _builder_version=&#8220;4.27.2&#8243; _module_preset=&#8220;default&#8220; background_color=&#8220;#f3f3f1&#8243; min_height=&#8220;64px&#8220; custom_margin=&#8220;-18px|||||&#8220; locked=&#8220;off&#8220; global_colors_info=&#8220;{}&#8220;][\/et_pb_section]<\/p>\n","protected":false},"excerpt":{"rendered":"<p>S\u00fcdtirol Guest PassDein kostenloses Bus- und Zugticket, um die gesamte Region S\u00fcdtirol zu erkunden! In deinem Aufenthaltspreis ist der S\u00fcdtirol Guest Pass enthalten, ein Ticket, mit dem du alle Verkehrsmitteln des s\u00fcdtirolmobil-Netzwerks kostenfrei nutzen kannst. Hier erf\u00e4hrst du alles zur Verwendung des Passes!Wie erhalte ich meinen S\u00fcdtirol Guest Pass?Du kannst den S\u00fcdtirol Guest Pass ab [&hellip;]<\/p>\n","protected":false},"author":1,"featured_media":0,"parent":0,"menu_order":8,"comment_status":"closed","ping_status":"closed","template":"","meta":{"_et_pb_use_builder":"on","_et_pb_old_content":"","_et_gb_content_width":"","iawp_total_views":1806,"footnotes":""},"class_list":["post-372","page","type-page","status-publish","hentry"],"_links":{"self":[{"href":"https:\/\/campingadler.com\/it\/wp-json\/wp\/v2\/pages\/372","targetHints":{"allow":["GET"]}}],"collection":[{"href":"https:\/\/campingadler.com\/it\/wp-json\/wp\/v2\/pages"}],"about":[{"href":"https:\/\/campingadler.com\/it\/wp-json\/wp\/v2\/types\/page"}],"author":[{"embeddable":true,"href":"https:\/\/campingadler.com\/it\/wp-json\/wp\/v2\/users\/1"}],"replies":[{"embeddable":true,"href":"https:\/\/campingadler.com\/it\/wp-json\/wp\/v2\/comments?post=372"}],"version-history":[{"count":7,"href":"https:\/\/campingadler.com\/it\/wp-json\/wp\/v2\/pages\/372\/revisions"}],"predecessor-version":[{"id":384,"href":"https:\/\/campingadler.com\/it\/wp-json\/wp\/v2\/pages\/372\/revisions\/384"}],"wp:attachment":[{"href":"https:\/\/campingadler.com\/it\/wp-json\/wp\/v2\/media?parent=372"}],"curies":[{"name":"wp","href":"https:\/\/api.w.org\/{rel}","templated":true}]}}