{"id":389,"date":"2024-12-11T08:03:58","date_gmt":"2024-12-11T08:03:58","guid":{"rendered":"https:\/\/dolcevitacamping.com\/?page_id=389"},"modified":"2025-12-16T16:05:04","modified_gmt":"2025-12-16T16:05:04","slug":"come-arrivare-contatti","status":"publish","type":"page","link":"https:\/\/campingadler.com\/it\/anfahrt-kontakt\/","title":{"rendered":"Arrivo e contatto"},"content":{"rendered":"<p>[et_pb_section fb_built=&#8220;1&#8243; fullwidth=&#8220;on&#8220; _builder_version=&#8220;4.27.4&#8243; _module_preset=&#8220;default&#8220; global_colors_info=&#8220;{}&#8220;][et_pb_fullwidth_image src=&#8220;https:\/\/campingadler.com\/wp-content\/uploads\/2025\/11\/Anreise.jpg&#8220; alt=&#8220;Anreise Camping Adler&#8220; title_text=&#8220;Anreise Camping Adler&#8220; _builder_version=&#8220;4.27.4&#8243; _module_preset=&#8220;default&#8220; global_colors_info=&#8220;{}&#8220;][\/et_pb_fullwidth_image][\/et_pb_section][et_pb_section fb_built=&#8220;1&#8243; fullwidth=&#8220;on&#8220; _builder_version=&#8220;4.27.2&#8243; _module_preset=&#8220;default&#8220; background_color=&#8220;#f3f3f1&#8243; min_height=&#8220;50px&#8220; locked=&#8220;off&#8220; global_colors_info=&#8220;{}&#8220;][\/et_pb_section][et_pb_section fb_built=&#8220;1&#8243; _builder_version=&#8220;4.27.4&#8243; _module_preset=&#8220;default&#8220; background_color=&#8220;RGBA(255,255,255,0)&#8220; background_enable_image=&#8220;off&#8220; background_size=&#8220;contain&#8220; background_position=&#8220;center_left&#8220; custom_padding=&#8220;0px||50px||false|false&#8220; locked=&#8220;off&#8220; global_colors_info=&#8220;{}&#8220;][et_pb_row _builder_version=&#8220;4.27.4&#8243; _module_preset=&#8220;default&#8220; custom_margin=&#8220;||||false|false&#8220; custom_padding=&#8220;||0px||false|false&#8220; global_colors_info=&#8220;{}&#8220;][et_pb_column type=&#8220;4_4&#8243; _builder_version=&#8220;4.23.1&#8243; _module_preset=&#8220;default&#8220; global_colors_info=&#8220;{}&#8220;][et_pb_text module_class=&#8220;title-with-underline&#8220; _builder_version=&#8220;4.27.4&#8243; _module_preset=&#8220;default&#8220; global_colors_info=&#8220;{}&#8220;]<\/p>\n<h1><strong>Anreiseinformationen<\/strong><\/h1>\n<p>[\/et_pb_text][et_pb_text _builder_version=&#8220;4.27.4&#8243; _module_preset=&#8220;default&#8220; global_colors_info=&#8220;{}&#8220;]<\/p>\n<p>Die Zufahrtsadresse zum Camping Adler lautet: <strong>Gustav-Flora-Stra\u00dfe 20\/A<\/strong>, 39025 Naturns, S\u00fcdtirol, Italien<\/p>\n<p>Unsere GPS-Koordinaten: 46\u00b038\u201951.5\u2033N 11\u00b000\u201925.6\u2033E<\/p>\n<p>Damit ihr uns leichter findet, haben wir hier unseren Standort auf Google Maps f\u00fcr euch:<\/p>\n<p>[\/et_pb_text][\/et_pb_column][\/et_pb_row][\/et_pb_section][et_pb_section fb_built=&#8220;1&#8243; fullwidth=&#8220;on&#8220; _builder_version=&#8220;4.27.4&#8243; _module_preset=&#8220;default&#8220; global_colors_info=&#8220;{}&#8220;][et_pb_fullwidth_code _builder_version=&#8220;4.27.4&#8243; _module_preset=&#8220;default&#8220; global_colors_info=&#8220;{}&#8220;]<iframe style=\"border: 0;\" src=\"https:\/\/www.google.com\/maps\/embed?pb=!1m18!1m12!1m3!1d61932.17835891673!2d10.984674701107695!3d46.685182791555796!2m3!1f0!2f0!3f0!3m2!1i1024!2i768!4f13.1!3m3!1m2!1s0x4782c0fef85dc323%3A0xaa378e579d439220!2sCamping%20Bungalows%20Adler%20-%20Adults%20Only!5e0!3m2!1sde!2sit!4v1702395719264!5m2!1sde!2sit\" width=\"100%\" height=400\" allowfullscreen=\"allowfullscreen\">Camping Naturns<\/iframe>[\/et_pb_fullwidth_code][\/et_pb_section][et_pb_section fb_built=&#8220;1&#8243; custom_padding_last_edited=&#8220;on|desktop&#8220; _builder_version=&#8220;4.27.4&#8243; _module_preset=&#8220;default&#8220; custom_margin=&#8220;||||false|false&#8220; custom_padding=&#8220;||0px||false|false&#8220; custom_padding_tablet=&#8220;0px||0px||false|false&#8220; custom_padding_phone=&#8220;||0px||false|false&#8220; locked=&#8220;off&#8220; global_colors_info=&#8220;{}&#8220;][et_pb_row column_structure=&#8220;1_3,1_3,1_3&#8243; use_custom_gutter=&#8220;on&#8220; gutter_width=&#8220;1&#8243; make_equal=&#8220;on&#8220; _builder_version=&#8220;4.27.4&#8243; _module_preset=&#8220;default&#8220; width=&#8220;100%&#8220; custom_margin=&#8220;||||false|false&#8220; custom_padding=&#8220;0px||||false|false&#8220; global_colors_info=&#8220;{}&#8220;][et_pb_column type=&#8220;1_3&#8243; _builder_version=&#8220;4.27.4&#8243; _module_preset=&#8220;default&#8220; background_color=&#8220;rgba(148,137,63,0.4)&#8220; global_colors_info=&#8220;{}&#8220;][et_pb_image src=&#8220;https:\/\/campingadler.com\/wp-content\/uploads\/2025\/11\/Smarte-Lage.jpg&#8220; alt=&#8220;Smarte Lage&#8220; title_text=&#8220;Smarte Lage&#8220; _builder_version=&#8220;4.27.4&#8243; _module_preset=&#8220;default&#8220; custom_margin=&#8220;35px|35px|35px|35px|true|true&#8220; global_colors_info=&#8220;{}&#8220;][\/et_pb_image][et_pb_text _builder_version=&#8220;4.27.4&#8243; _module_preset=&#8220;default&#8220; width=&#8220;89.3%&#8220; custom_margin=&#8220;30px|30px|30px|30px|true|true&#8220; custom_padding=&#8220;||||false|false&#8220; custom_padding_tablet=&#8220;|50px||50px|false|false&#8220; custom_padding_phone=&#8220;|10px||10px|false|true&#8220; custom_padding_last_edited=&#8220;on|phone&#8220; global_colors_info=&#8220;{}&#8220;]<\/p>\n<h2><strong>Smarte Lage<\/strong><\/h2>\n<p>Im sonnigen Vinschgau, eingebettet zwischen majest\u00e4tischen Bergen, liegt unser Campingplatz mitten im Herzen von Naturns \u2013 nur wenige Kilometer von der Kurstadt Meran entfernt. Von hier aus erreichst du gem\u00fctlich zu Fu\u00df Caf\u00e9s, Restaurants, Gesch\u00e4fte und vielf\u00e4ltige Sportangebote. Direkt vor deiner Campert\u00fcr starten zahlreiche Wander- und Radwege, die dich durch die beeindruckende Bergwelt und die idyllische Natur rund um Naturns f\u00fchren. Dank der idealen Anbindung an Bus und Bahn bist du flexibel unterwegs, und mit dem S\u00fcdtirol Guest Pass reist du als unser Gast sogar kostenlos durch ganz S\u00fcdtirol!<\/p>\n<p>[\/et_pb_text][\/et_pb_column][et_pb_column type=&#8220;1_3&#8243; _builder_version=&#8220;4.27.4&#8243; _module_preset=&#8220;default&#8220; background_color=&#8220;rgba(148,137,63,0.3)&#8220; global_colors_info=&#8220;{}&#8220;][et_pb_image src=&#8220;https:\/\/campingadler.com\/wp-content\/uploads\/2025\/11\/Smart-Rezeption.jpg&#8220; alt=&#8220;Smart Rezeption&#8220; title_text=&#8220;Smart Rezeption&#8220; _builder_version=&#8220;4.27.4&#8243; _module_preset=&#8220;default&#8220; custom_margin=&#8220;35px|35px|35px|35px|true|true&#8220; global_colors_info=&#8220;{}&#8220;][\/et_pb_image][et_pb_text _builder_version=&#8220;4.27.4&#8243; _module_preset=&#8220;default&#8220; link_font=&#8220;||||on||||&#8220; custom_margin=&#8220;30px|30px|30px|30px|true|true&#8220; custom_padding=&#8220;||||false|false&#8220; custom_padding_tablet=&#8220;|50px||50px|false|false&#8220; custom_padding_phone=&#8220;|10px||10px|false|true&#8220; custom_padding_last_edited=&#8220;on|phone&#8220; global_colors_info=&#8220;{}&#8220;]<\/p>\n<h2><strong>Smarte Rezeption<\/strong><\/h2>\n<p>24h Self-Check-In &amp; -Out in unserer Smart Reception? So funktioniert\u2019s: Mit deiner Adler-Karte, die du an der S\u00e4ule vor der Schranke bekommst, gehst du in die Smart Reception. Dort f\u00fchrst du die Karte in den Automaten ein, scannst f\u00fcr jede mitreisende Person den Personalausweis und gibst eine E-Mail-Adresse ein, um den S\u00fcdtirol Guest Pass zu erhalten \u2013 schon bist du bei uns eingecheckt! Nach dem Check-In kannst du deinen Aufenthalt jederzeit mit deiner Adler-Karte am Automaten verl\u00e4ngern. Am Abreisetag f\u00fchrst du die Karte in den Automaten ein, bezahlst alle offenen Betr\u00e4ge (bar oder mit Karte) und checkst anschlie\u00dfend an der Ausgangss\u00e4ule vor der Schranke aus.<\/p>\n<p>[\/et_pb_text][\/et_pb_column][et_pb_column type=&#8220;1_3&#8243; _builder_version=&#8220;4.27.4&#8243; _module_preset=&#8220;default&#8220; background_color=&#8220;rgba(148,137,63,0.2)&#8220; global_colors_info=&#8220;{}&#8220;][et_pb_image src=&#8220;https:\/\/campingadler.com\/wp-content\/uploads\/2025\/11\/Smart-Shop.jpg&#8220; alt=&#8220;Smart Shop&#8220; title_text=&#8220;Smart Shop&#8220; _builder_version=&#8220;4.27.4&#8243; _module_preset=&#8220;default&#8220; custom_margin=&#8220;35px|35px|35px|35px|true|true&#8220; global_colors_info=&#8220;{}&#8220;][\/et_pb_image][et_pb_text _builder_version=&#8220;4.27.4&#8243; _module_preset=&#8220;default&#8220; custom_margin=&#8220;30px|30px|30px|30px|true|true&#8220; custom_padding=&#8220;||||false|false&#8220; custom_padding_tablet=&#8220;|50px||50px|false|false&#8220; custom_padding_phone=&#8220;|10px||10px|false|true&#8220; custom_padding_last_edited=&#8220;on|phone&#8220; global_colors_info=&#8220;{}&#8220;]<\/p>\n<h2><strong>Smarte Adler-Karte<\/strong><\/h2>\n<p>Nach dem Check-In hast du deine pers\u00f6nliche Adler-Karte. Mit dieser erh\u00e4ltst du rund um die Uhr Zugang zu unserem Smart Shop und der gem\u00fctlichen Indoor Lounge nebenan. Im Smart Shop kannst du mit der Adler-Karte Produkte, Fr\u00fchst\u00fccksbrot-Vorbestellungen und Kaffee-Konsumationen bequem auf deinen Stellplatz buchen. Bezahlt wird alles ganz entspannt am Abreisetag in der Smart Reception. Au\u00dferdem kannst du mit deiner Adler-Karte f\u00fcr Ausfl\u00fcge jederzeit aus- und wieder einfah\u00adren.<\/p>\n<p>[\/et_pb_text][\/et_pb_column][\/et_pb_row][\/et_pb_section][et_pb_section fb_built=&#8220;1&#8243; _builder_version=&#8220;4.27.4&#8243; _module_preset=&#8220;default&#8220; background_color=&#8220;RGBA(255,255,255,0)&#8220; background_image=&#8220;https:\/\/campingadler.com\/wp-content\/uploads\/2024\/12\/CA-CampingAdler-A_BG.png&#8220; background_size=&#8220;contain&#8220; background_position=&#8220;center_left&#8220; custom_padding=&#8220;0px||141px||false|false&#8220; locked=&#8220;off&#8220; global_colors_info=&#8220;{}&#8220;][et_pb_row _builder_version=&#8220;4.27.4&#8243; _module_preset=&#8220;default&#8220; custom_margin=&#8220;||||false|false&#8220; custom_padding=&#8220;||0px||false|false&#8220; global_colors_info=&#8220;{}&#8220;][et_pb_column type=&#8220;4_4&#8243; _builder_version=&#8220;4.23.1&#8243; _module_preset=&#8220;default&#8220; global_colors_info=&#8220;{}&#8220;][et_pb_text _builder_version=&#8220;4.27.4&#8243; _module_preset=&#8220;default&#8220; custom_margin=&#8220;30px||||false|false&#8220; global_colors_info=&#8220;{}&#8220;]<\/p>\n<p>Der Camping Adler ist aus jeder Richtung gut erreichbar, egal ob du aus Deutschland, \u00d6sterreich, der Schweiz oder Italien anreist.<\/p>\n<p>[\/et_pb_text][et_pb_text _builder_version=&#8220;4.27.4&#8243; _module_preset=&#8220;default&#8220; custom_margin=&#8220;||||false|false&#8220; global_colors_info=&#8220;{}&#8220;]<\/p>\n<p><strong>Anreise aus Deutschland:<\/strong><\/p>\n<ul>\n<li><strong>\u00dcber den Brennerpass:<\/strong> Nimm die Autobahn A22 Richtung S\u00fcden bis zur Ausfahrt Bozen S\u00fcd. Folge dann der SS38 Richtung Meran und weiter bis nach Naturns.<strong>\u00a0<\/strong><\/li>\n<\/ul>\n<p><strong>Anreise aus \u00d6sterreich:<\/strong><\/p>\n<ul>\n<li><strong>\u00dcber den Brennerpass:<\/strong> Fahre auf der A13\/A22 \u00fcber den Brenner bis zur Ausfahrt Bozen S\u00fcd und wechsle auf die SS38 Richtung Meran\/Naturns.<\/li>\n<li><strong>\u00dcber den Reschenpass:<\/strong> Nimm die B180 \u00fcber den Reschenpass, die in die SS40 und dann in die SS38 \u00fcbergeht. Folge der SS38 direkt bis nach Naturns.<\/li>\n<\/ul>\n<p><strong>Anreise aus der Schweiz:<\/strong><\/p>\n<ul>\n<li><strong>\u00dcber den Ofenpass:<\/strong> Fahre \u00fcber den Ofenpass (SS28), der zur SS40 f\u00fchrt. Wechsle auf die SS38 und folge dieser bis nach Naturns.<\/li>\n<li><strong>\u00dcber den Bernardino-Pass:<\/strong> Fahre \u00fcber den Bernardino-Pass auf die A13 Richtung Bellinzona\/Chur, wechsle dann auf die A22 am Bozner S\u00fcdkreuz und folge der SS38 bis nach Naturns<\/li>\n<\/ul>\n<p><strong>Anreise aus Italien:<\/strong><\/p>\n<ul>\n<li><strong>Aus dem S\u00fcden:<\/strong> Nimm die A22 Richtung Norden bis zur Ausfahrt Bozen S\u00fcd, von wo aus du der SS38 nach Naturns folgst.<\/li>\n<li><strong>Aus dem Osten:<\/strong> Fahre auf der A27\/A22 \u00fcber Belluno und Trento bis zur Ausfahrt Bozen S\u00fcd, dann auf die SS38 nach Naturns.<\/li>\n<\/ul>\n<p>[\/et_pb_text][et_pb_text _builder_version=&#8220;4.27.4&#8243; _module_preset=&#8220;default&#8220; custom_margin=&#8220;||||false|false&#8220; global_colors_info=&#8220;{}&#8220;]<\/p>\n<p>Bitte beachte, dass f\u00fcr einige Stra\u00dfen Mautgeb\u00fchren anfallen k\u00f6nnen. Wir empfehlen dir, dich vor der Reise \u00fcber die aktuellen Verkehrsbedingungen und eventuelle Einschr\u00e4nkungen zu informieren.<\/p>\n<p>[\/et_pb_text][\/et_pb_column][\/et_pb_row][et_pb_row _builder_version=&#8220;4.27.4&#8243; _module_preset=&#8220;default&#8220; custom_margin=&#8220;||0px||false|false&#8220; custom_padding=&#8220;||0px||false|false&#8220; global_colors_info=&#8220;{}&#8220;][et_pb_column type=&#8220;4_4&#8243; _builder_version=&#8220;4.27.4&#8243; _module_preset=&#8220;default&#8220; global_colors_info=&#8220;{}&#8220;][et_pb_text _builder_version=&#8220;4.27.4&#8243; _module_preset=&#8220;default&#8220; global_colors_info=&#8220;{}&#8220;]<strong>Hier findest du alle wichtigen und aktuellen Verkehrsinfos f\u00fcr S\u00fcdtirol:<\/strong>[\/et_pb_text][et_pb_code _builder_version=&#8220;4.27.4&#8243; _module_preset=&#8220;default&#8220; global_colors_info=&#8220;{}&#8220;]<odh-howtoarriveinsouthtyrol-widget data-color=\"#878E77\" data-filter=\"TrafficRestrictions\" data-hideaccommodations=\"false\" data-lang=\"de\" data-random=\"false\"><\/odh-howtoarriveinsouthtyrol-widget><!-- [et_pb_line_break_holder] --><script src=\"https:\/\/cdn.webcomponents.opendatahub.com\/dist\/e743026a-e53d-4898-b886-e0ac1d9a0c48\/widget.js\"><\/script>[\/et_pb_code][\/et_pb_column][\/et_pb_row][et_pb_row _builder_version=&#8220;4.27.4&#8243; _module_preset=&#8220;default&#8220; custom_margin=&#8220;0px||||false|false&#8220; custom_padding=&#8220;0px||||false|false&#8220; global_colors_info=&#8220;{}&#8220;][et_pb_column type=&#8220;4_4&#8243; _builder_version=&#8220;4.23.1&#8243; _module_preset=&#8220;default&#8220; global_colors_info=&#8220;{}&#8220;][et_pb_text _builder_version=&#8220;4.27.4&#8243; _module_preset=&#8220;default&#8220; global_colors_info=&#8220;{}&#8220;]<\/p>\n<p><strong>Wir freuen uns schon sehr darauf, euch bei uns am Camping Adler begr\u00fc\u00dfen zu d\u00fcrfen!<\/strong><\/p>\n<p>[\/et_pb_text][\/et_pb_column][\/et_pb_row][\/et_pb_section][et_pb_section fb_built=&#8220;1&#8243; fullwidth=&#8220;on&#8220; _builder_version=&#8220;4.27.2&#8243; _module_preset=&#8220;default&#8220; background_color=&#8220;#f3f3f1&#8243; min_height=&#8220;64px&#8220; custom_margin=&#8220;-18px|||||&#8220; locked=&#8220;off&#8220; global_colors_info=&#8220;{}&#8220;][\/et_pb_section]<\/p>\n","protected":false},"excerpt":{"rendered":"<p>Informazioni sull'arrivoL'indirizzo di accesso al Camping Adler \u00e8: Gustav-Flora-Stra\u00dfe 20\/A, 39025 Naturns, Alto Adige, Italia Le nostre coordinate GPS: 46\u00b038\u201951.5\u2033N 11\u00b000\u201925.6\u2033E Per facilitarvi la ricerca, abbiamo riportato qui la nostra posizione su Google Maps:<\/p>","protected":false},"author":1,"featured_media":0,"parent":0,"menu_order":9,"comment_status":"closed","ping_status":"closed","template":"","meta":{"_et_pb_use_builder":"on","_et_pb_old_content":"","_et_gb_content_width":"","iawp_total_views":2941,"footnotes":""},"class_list":["post-389","page","type-page","status-publish","hentry"],"_links":{"self":[{"href":"https:\/\/campingadler.com\/it\/wp-json\/wp\/v2\/pages\/389","targetHints":{"allow":["GET"]}}],"collection":[{"href":"https:\/\/campingadler.com\/it\/wp-json\/wp\/v2\/pages"}],"about":[{"href":"https:\/\/campingadler.com\/it\/wp-json\/wp\/v2\/types\/page"}],"author":[{"embeddable":true,"href":"https:\/\/campingadler.com\/it\/wp-json\/wp\/v2\/users\/1"}],"replies":[{"embeddable":true,"href":"https:\/\/campingadler.com\/it\/wp-json\/wp\/v2\/comments?post=389"}],"version-history":[{"count":17,"href":"https:\/\/campingadler.com\/it\/wp-json\/wp\/v2\/pages\/389\/revisions"}],"predecessor-version":[{"id":987510473,"href":"https:\/\/campingadler.com\/it\/wp-json\/wp\/v2\/pages\/389\/revisions\/987510473"}],"wp:attachment":[{"href":"https:\/\/campingadler.com\/it\/wp-json\/wp\/v2\/media?parent=389"}],"curies":[{"name":"wp","href":"https:\/\/api.w.org\/{rel}","templated":true}]}}